{"id":1293,"date":"2022-06-03T12:57:33","date_gmt":"2022-06-03T10:57:33","guid":{"rendered":"https:\/\/www.smarthotelnapoli.com\/datenschutzbestimmungen\/"},"modified":"2025-08-27T13:22:45","modified_gmt":"2025-08-27T11:22:45","slug":"datenschutzbestimmungen","status":"publish","type":"page","link":"https:\/\/www.smarthotelnapoli.com\/de\/datenschutzbestimmungen\/","title":{"rendered":"Datenschutzbestimmungen"},"content":{"rendered":"<p>[vc_row row_height_percent=&#8220;40&#8243; override_padding=&#8220;yes&#8220; h_padding=&#8220;3&#8243; top_padding=&#8220;5&#8243; bottom_padding=&#8220;5&#8243; back_color=&#8220;color-wayh&#8220; back_image=&#8220;20&#8243; overlay_color=&#8220;color-wayh&#8220; overlay_alpha=&#8220;50&#8243; gutter_size=&#8220;3&#8243; column_width_percent=&#8220;100&#8243; shift_y=&#8220;0&#8243; z_index=&#8220;0&#8243; top_divider=&#8220;swoosh&#8220; enable_bottom_divider=&#8220;default&#8220; bottom_divider_inv=&#8220;curve-asym-opacity&#8220; shape_bottom_invert=&#8220;yes&#8220; shape_bottom_h_use_pixel=&#8220;&#8220; shape_bottom_height=&#8220;100&#8243; shape_bottom_color=&#8220;color-xsdn&#8220; shape_bottom_opacity=&#8220;100&#8243; shape_bottom_index=&#8220;0&#8243; uncode_shortcode_id=&#8220;167461&#8243; back_color_type=&#8220;uncode-palette&#8220; overlay_color_type=&#8220;uncode-palette&#8220; shape_bottom_color_type=&#8220;uncode-palette&#8220;][vc_column column_width_percent=&#8220;100&#8243; position_vertical=&#8220;middle&#8220; align_horizontal=&#8220;align_center&#8220; gutter_size=&#8220;4&#8243; style=&#8220;dark&#8220; overlay_alpha=&#8220;50&#8243; shift_x=&#8220;0&#8243; shift_y=&#8220;0&#8243; shift_y_down=&#8220;0&#8243; z_index=&#8220;0&#8243; medium_width=&#8220;0&#8243; mobile_width=&#8220;0&#8243; width=&#8220;1\/1&#8243;][vc_row_inner row_inner_height_percent=&#8220;0&#8243; overlay_alpha=&#8220;50&#8243; gutter_size=&#8220;3&#8243; shift_y=&#8220;0&#8243; z_index=&#8220;1&#8243; limit_content=&#8220;&#8220;][vc_column_inner column_width_percent=&#8220;100&#8243; align_horizontal=&#8220;align_center&#8220; gutter_size=&#8220;3&#8243; style=&#8220;dark&#8220; overlay_alpha=&#8220;50&#8243; shift_x=&#8220;0&#8243; shift_y=&#8220;0&#8243; shift_y_down=&#8220;0&#8243; z_index=&#8220;0&#8243; medium_width=&#8220;0&#8243; mobile_width=&#8220;0&#8243; width=&#8220;1\/1&#8243;][vc_custom_heading auto_text=&#8220;yes&#8220; heading_semantic=&#8220;h1&#8243; text_size=&#8220;fontsize-445851&#8243; text_transform=&#8220;uppercase&#8220; text_height=&#8220;fontheight-179065&#8243; css_animation=&#8220;bottom-t-top&#8220; animation_delay=&#8220;600&#8243; title=&#8220;&#8220; uncode_shortcode_id=&#8220;935591&#8243; text_color_type=&#8220;uncode-solid&#8220; text_color_solid=&#8220;rgba(255,255,255,0.2)&#8220;]Datenschutzbestimmungen[\/vc_custom_heading][vc_custom_heading heading_semantic=&#8220;h6&#8243; text_size=&#8220;h4&#8243; text_height=&#8220;fontheight-179065&#8243; text_space=&#8220;fontspace-111509&#8243; css_animation=&#8220;bottom-t-top&#8220; animation_delay=&#8220;600&#8243; title=&#8220;&#8220; uncode_shortcode_id=&#8220;784384&#8243; text_color_type=&#8220;uncode-solid&#8220; text_color_solid=&#8220;rgba(255,255,255,0.52)&#8220;]Letzte Aktualisierung: Dezember 2021[\/vc_custom_heading][\/vc_column_inner][\/vc_row_inner][vc_empty_space empty_h=&#8220;4&#8243;][\/vc_column][\/vc_row][vc_row row_height_percent=&#8220;0&#8243; override_padding=&#8220;yes&#8220; h_padding=&#8220;2&#8243; top_padding=&#8220;5&#8243; bottom_padding=&#8220;3&#8243; overlay_alpha=&#8220;50&#8243; gutter_size=&#8220;3&#8243; column_width_percent=&#8220;100&#8243; shift_y=&#8220;0&#8243; z_index=&#8220;0&#8243; uncode_shortcode_id=&#8220;805076&#8243;][vc_column][vc_column_text uncode_shortcode_id=&#8220;185479&#8243;]Datenschutzrichtlinie (Europ\u00e4ische Verordnung 2016\/679, DSGVO)<\/p>\n<p><strong> Der Datenverantwortliche <\/strong><\/p>\n<p>I titolari del trattamento dei tuoi dati sono: <strong>SMART HOTEL S.r.l. <\/strong>nella persona del legale rappresentante pro tempore con sede legale in: Stazione marittima \u2013 Molo Angioino, 80133 \u2013 Napoli (NA), email: info@smarthotelnapoli.it<\/p>\n<p><strong>Externer Auftragsverarbeiter<\/strong><\/p>\n<p data-start=\"122\" data-end=\"262\">Der Verantwortliche f\u00fcr die Verarbeitung Ihrer Daten ist der jeweils amtierende Leiter Personal und Organisation von: SMART HOTEL S.r.l.<\/p>\n<p data-start=\"264\" data-end=\"898\">Der oben genannte Datenverantwortliche misst dem Schutz der Privatsph\u00e4re seiner Nutzer h\u00f6chste Bedeutung bei und gew\u00e4hrleistet, dass die Verarbeitung personenbezogener Daten \u00fcber seine Website unter Wahrung der Grundrechte und Grundfreiheiten sowie der W\u00fcrde der betroffenen Personen erfolgt, insbesondere im Hinblick auf Vertraulichkeit, pers\u00f6nliche Identit\u00e4t und das Recht auf Schutz personenbezogener Daten. Zu diesem Zweck hat der Datenverantwortliche eine Datenschutzrichtlinie verabschiedet und implementiert, die alle Aspekte der Verwaltung der Website in Bezug auf die Verarbeitung personenbezogener Daten der Nutzer regelt.<\/p>\n<p data-start=\"900\" data-end=\"1195\">Der Datenverantwortliche weist darauf hin, dass die von Ihnen bereitgestellten oder im Zuge bzw. anl\u00e4sslich der Nutzung unserer Website\/des Portals anderweitig erhobenen personenbezogenen Daten (nachfolgend \u201eDaten\u201c) gem\u00e4\u00df der Europ\u00e4ischen Verordnung 2016\/679 (DSGVO) verarbeitet werden k\u00f6nnen.<\/p>\n<p><span style=\"font-family: -apple-system, BlinkMacSystemFont, 'Segoe UI', Roboto, Oxygen-Sans, Ubuntu, Cantarell, 'Helvetica Neue', sans-serif;\">F\u00fcr alle Informationen zu Cookies: <\/span><a style=\"font-family: -apple-system, BlinkMacSystemFont, 'Segoe UI', Roboto, Oxygen-Sans, Ubuntu, Cantarell, 'Helvetica Neue', sans-serif;\" href=\"https:\/\/mediawestcms.it\/it\/fullprivacy.html#cook\" target=\"_blank\" rel=\"noopener\">Cookie-Richtlinie<\/a><span style=\"font-family: -apple-system, BlinkMacSystemFont, 'Segoe UI', Roboto, Oxygen-Sans, Ubuntu, Cantarell, 'Helvetica Neue', sans-serif;\">.<\/span><\/p>\n<p>F\u00fcr die erweiterte Version dieser Datenschutzerkl\u00e4rung: <a href=\"https:\/\/mediawestcms.it\/it\/fullprivacy.html\" target=\"_blank\" rel=\"noopener\">Vollst\u00e4ndige Datenschutzerkl\u00e4rung zum Umfang der Datenverarbeitung.<\/a>[\/vc_column_text][\/vc_column][\/vc_row]<\/p>\n","protected":false},"excerpt":{"rendered":"<p>[vc_row row_height_percent=&#8220;40&#8243; override_padding=&#8220;yes&#8220; h_padding=&#8220;3&#8243; top_padding=&#8220;5&#8243; bottom_padding=&#8220;5&#8243; back_color=&#8220;color-wayh&#8220; back_image=&#8220;20&#8243; overlay_color=&#8220;color-wayh&#8220; overlay_alpha=&#8220;50&#8243; gutter_size=&#8220;3&#8243; column_width_percent=&#8220;100&#8243; shift_y=&#8220;0&#8243; z_index=&#8220;0&#8243; top_divider=&#8220;swoosh&#8220; enable_bottom_divider=&#8220;default&#8220; bottom_divider_inv=&#8220;curve-asym-opacity&#8220; shape_bottom_invert=&#8220;yes&#8220; shape_bottom_h_use_pixel=&#8220;&#8220; shape_bottom_height=&#8220;100&#8243; [&hellip;]<\/p>\n","protected":false},"author":1,"featured_media":0,"parent":0,"menu_order":0,"comment_status":"closed","ping_status":"open","template":"","meta":{"footnotes":""},"class_list":["post-1293","page","type-page","status-publish","hentry"],"yoast_head":"<!-- This site is optimized with the Yoast SEO plugin v24.5 - https:\/\/yoast.com\/wordpress\/plugins\/seo\/ -->\n<title>Datenschutzbestimmungen | Smart Hotel Napoli<\/title>\n<meta name=\"description\" content=\"Lesen Sie unsere Datenschutzrichtlinie und erfahren Sie, wie wir Ihre Rechte sichern und Ihre Privatsph\u00e4re achten\" \/>\n<meta name=\"robots\" content=\"index, follow, max-snippet:-1, max-image-preview:large, max-video-preview:-1\" \/>\n<link rel=\"canonical\" href=\"https:\/\/www.smarthotelnapoli.com\/de\/datenschutzbestimmungen\/\" \/>\n<meta property=\"og:locale\" content=\"de_DE\" \/>\n<meta property=\"og:type\" content=\"article\" \/>\n<meta property=\"og:title\" content=\"Datenschutzbestimmungen | Smart Hotel Napoli\" \/>\n<meta property=\"og:description\" content=\"Lesen Sie unsere Datenschutzrichtlinie und erfahren Sie, wie wir Ihre Rechte sichern und Ihre Privatsph\u00e4re achten\" \/>\n<meta property=\"og:url\" content=\"https:\/\/www.smarthotelnapoli.com\/de\/datenschutzbestimmungen\/\" \/>\n<meta property=\"og:site_name\" content=\"Smart Hotel Napoli\" \/>\n<meta property=\"article:publisher\" content=\"https:\/\/www.facebook.com\/smarthotelnapoli\/\" \/>\n<meta property=\"article:modified_time\" content=\"2025-08-27T11:22:45+00:00\" \/>\n<meta name=\"twitter:card\" content=\"summary_large_image\" \/>\n<meta name=\"twitter:label1\" content=\"Gesch\u00e4tzte Lesezeit\" \/>\n\t<meta name=\"twitter:data1\" content=\"2\u00a0Minuten\" \/>\n<script type=\"application\/ld+json\" class=\"yoast-schema-graph\">{\"@context\":\"https:\/\/schema.org\",\"@graph\":[{\"@type\":\"WebPage\",\"@id\":\"https:\/\/www.smarthotelnapoli.com\/de\/datenschutzbestimmungen\/\",\"url\":\"https:\/\/www.smarthotelnapoli.com\/de\/datenschutzbestimmungen\/\",\"name\":\"Datenschutzbestimmungen | Smart Hotel Napoli\",\"isPartOf\":{\"@id\":\"https:\/\/www.smarthotelnapoli.com\/#website\"},\"datePublished\":\"2022-06-03T10:57:33+00:00\",\"dateModified\":\"2025-08-27T11:22:45+00:00\",\"description\":\"Lesen Sie unsere Datenschutzrichtlinie und erfahren Sie, wie wir Ihre Rechte sichern und Ihre Privatsph\u00e4re achten\",\"inLanguage\":\"de\",\"potentialAction\":[{\"@type\":\"ReadAction\",\"target\":[\"https:\/\/www.smarthotelnapoli.com\/de\/datenschutzbestimmungen\/\"]}]},{\"@type\":\"WebSite\",\"@id\":\"https:\/\/www.smarthotelnapoli.com\/#website\",\"url\":\"https:\/\/www.smarthotelnapoli.com\/\",\"name\":\"Smart Hotel Napoli\",\"description\":\"Scopri il nostro Hotel 4 stelle nel cuore di Napoli\",\"publisher\":{\"@id\":\"https:\/\/www.smarthotelnapoli.com\/#organization\"},\"potentialAction\":[{\"@type\":\"SearchAction\",\"target\":{\"@type\":\"EntryPoint\",\"urlTemplate\":\"https:\/\/www.smarthotelnapoli.com\/?s={search_term_string}\"},\"query-input\":{\"@type\":\"PropertyValueSpecification\",\"valueRequired\":true,\"valueName\":\"search_term_string\"}}],\"inLanguage\":\"de\"},{\"@type\":\"Organization\",\"@id\":\"https:\/\/www.smarthotelnapoli.com\/#organization\",\"name\":\"Smart Hotel Napoli\",\"url\":\"https:\/\/www.smarthotelnapoli.com\/\",\"logo\":{\"@type\":\"ImageObject\",\"inLanguage\":\"de\",\"@id\":\"https:\/\/www.smarthotelnapoli.com\/#\/schema\/logo\/image\/\",\"url\":\"https:\/\/www.smarthotelnapoli.com\/wp-content\/uploads\/2021\/10\/logo-shn-black.png\",\"contentUrl\":\"https:\/\/www.smarthotelnapoli.com\/wp-content\/uploads\/2021\/10\/logo-shn-black.png\",\"width\":320,\"height\":115,\"caption\":\"Smart Hotel Napoli\"},\"image\":{\"@id\":\"https:\/\/www.smarthotelnapoli.com\/#\/schema\/logo\/image\/\"},\"sameAs\":[\"https:\/\/www.facebook.com\/smarthotelnapoli\/\",\"https:\/\/www.instagram.com\/smahonapoli\/\"]}]}<\/script>\n<!-- \/ Yoast SEO plugin. -->","yoast_head_json":{"title":"Datenschutzbestimmungen | Smart Hotel Napoli","description":"Lesen Sie unsere Datenschutzrichtlinie und erfahren Sie, wie wir Ihre Rechte sichern und Ihre Privatsph\u00e4re achten","robots":{"index":"index","follow":"follow","max-snippet":"max-snippet:-1","max-image-preview":"max-image-preview:large","max-video-preview":"max-video-preview:-1"},"canonical":"https:\/\/www.smarthotelnapoli.com\/de\/datenschutzbestimmungen\/","og_locale":"de_DE","og_type":"article","og_title":"Datenschutzbestimmungen | Smart Hotel Napoli","og_description":"Lesen Sie unsere Datenschutzrichtlinie und erfahren Sie, wie wir Ihre Rechte sichern und Ihre Privatsph\u00e4re achten","og_url":"https:\/\/www.smarthotelnapoli.com\/de\/datenschutzbestimmungen\/","og_site_name":"Smart Hotel Napoli","article_publisher":"https:\/\/www.facebook.com\/smarthotelnapoli\/","article_modified_time":"2025-08-27T11:22:45+00:00","twitter_card":"summary_large_image","twitter_misc":{"Gesch\u00e4tzte Lesezeit":"2\u00a0Minuten"},"schema":{"@context":"https:\/\/schema.org","@graph":[{"@type":"WebPage","@id":"https:\/\/www.smarthotelnapoli.com\/de\/datenschutzbestimmungen\/","url":"https:\/\/www.smarthotelnapoli.com\/de\/datenschutzbestimmungen\/","name":"Datenschutzbestimmungen | Smart Hotel Napoli","isPartOf":{"@id":"https:\/\/www.smarthotelnapoli.com\/#website"},"datePublished":"2022-06-03T10:57:33+00:00","dateModified":"2025-08-27T11:22:45+00:00","description":"Lesen Sie unsere Datenschutzrichtlinie und erfahren Sie, wie wir Ihre Rechte sichern und Ihre Privatsph\u00e4re achten","inLanguage":"de","potentialAction":[{"@type":"ReadAction","target":["https:\/\/www.smarthotelnapoli.com\/de\/datenschutzbestimmungen\/"]}]},{"@type":"WebSite","@id":"https:\/\/www.smarthotelnapoli.com\/#website","url":"https:\/\/www.smarthotelnapoli.com\/","name":"Smart Hotel Napoli","description":"Scopri il nostro Hotel 4 stelle nel cuore di Napoli","publisher":{"@id":"https:\/\/www.smarthotelnapoli.com\/#organization"},"potentialAction":[{"@type":"SearchAction","target":{"@type":"EntryPoint","urlTemplate":"https:\/\/www.smarthotelnapoli.com\/?s={search_term_string}"},"query-input":{"@type":"PropertyValueSpecification","valueRequired":true,"valueName":"search_term_string"}}],"inLanguage":"de"},{"@type":"Organization","@id":"https:\/\/www.smarthotelnapoli.com\/#organization","name":"Smart Hotel Napoli","url":"https:\/\/www.smarthotelnapoli.com\/","logo":{"@type":"ImageObject","inLanguage":"de","@id":"https:\/\/www.smarthotelnapoli.com\/#\/schema\/logo\/image\/","url":"https:\/\/www.smarthotelnapoli.com\/wp-content\/uploads\/2021\/10\/logo-shn-black.png","contentUrl":"https:\/\/www.smarthotelnapoli.com\/wp-content\/uploads\/2021\/10\/logo-shn-black.png","width":320,"height":115,"caption":"Smart Hotel Napoli"},"image":{"@id":"https:\/\/www.smarthotelnapoli.com\/#\/schema\/logo\/image\/"},"sameAs":["https:\/\/www.facebook.com\/smarthotelnapoli\/","https:\/\/www.instagram.com\/smahonapoli\/"]}]}},"_links":{"self":[{"href":"https:\/\/www.smarthotelnapoli.com\/de\/wp-json\/wp\/v2\/pages\/1293","targetHints":{"allow":["GET"]}}],"collection":[{"href":"https:\/\/www.smarthotelnapoli.com\/de\/wp-json\/wp\/v2\/pages"}],"about":[{"href":"https:\/\/www.smarthotelnapoli.com\/de\/wp-json\/wp\/v2\/types\/page"}],"author":[{"embeddable":true,"href":"https:\/\/www.smarthotelnapoli.com\/de\/wp-json\/wp\/v2\/users\/1"}],"replies":[{"embeddable":true,"href":"https:\/\/www.smarthotelnapoli.com\/de\/wp-json\/wp\/v2\/comments?post=1293"}],"version-history":[{"count":0,"href":"https:\/\/www.smarthotelnapoli.com\/de\/wp-json\/wp\/v2\/pages\/1293\/revisions"}],"wp:attachment":[{"href":"https:\/\/www.smarthotelnapoli.com\/de\/wp-json\/wp\/v2\/media?parent=1293"}],"curies":[{"name":"wp","href":"https:\/\/api.w.org\/{rel}","templated":true}]}}