{"id":2091,"date":"2026-02-18T16:44:21","date_gmt":"2026-02-18T15:44:21","guid":{"rendered":"https:\/\/www.smarthotelnapoli.com\/?page_id=2091"},"modified":"2026-02-25T17:16:07","modified_gmt":"2026-02-25T16:16:07","slug":"superior-zimmer","status":"publish","type":"page","link":"https:\/\/www.smarthotelnapoli.com\/de\/superior-zimmer\/","title":{"rendered":"Superior Zimmer"},"content":{"rendered":"<p>[vc_row row_height_percent=&#8220;85&#8243; override_padding=&#8220;yes&#8220; h_padding=&#8220;3&#8243; top_padding=&#8220;5&#8243; bottom_padding=&#8220;5&#8243; back_color=&#8220;color-wayh&#8220; back_image=&#8220;149&#8243; overlay_color=&#8220;color-wayh&#8220; overlay_alpha=&#8220;50&#8243; gutter_size=&#8220;3&#8243; column_width_percent=&#8220;100&#8243; shift_y=&#8220;0&#8243; z_index=&#8220;0&#8243; top_divider=&#8220;swoosh&#8220; enable_bottom_divider=&#8220;default&#8220; bottom_divider_inv=&#8220;curve-asym-opacity&#8220; shape_bottom_invert=&#8220;yes&#8220; shape_bottom_h_use_pixel=&#8220;&#8220; shape_bottom_height=&#8220;100&#8243; shape_bottom_color=&#8220;color-xsdn&#8220; shape_bottom_opacity=&#8220;100&#8243; shape_bottom_index=&#8220;0&#8243; uncode_shortcode_id=&#8220;537503&#8243; back_color_type=&#8220;uncode-palette&#8220; overlay_color_type=&#8220;uncode-palette&#8220; shape_bottom_color_type=&#8220;uncode-palette&#8220;][vc_column column_width_percent=&#8220;100&#8243; position_vertical=&#8220;middle&#8220; align_horizontal=&#8220;align_center&#8220; gutter_size=&#8220;4&#8243; style=&#8220;dark&#8220; overlay_alpha=&#8220;50&#8243; shift_x=&#8220;0&#8243; shift_y=&#8220;0&#8243; shift_y_down=&#8220;0&#8243; z_index=&#8220;0&#8243; medium_width=&#8220;0&#8243; mobile_width=&#8220;0&#8243; width=&#8220;1\/1&#8243;][vc_row_inner row_inner_height_percent=&#8220;0&#8243; overlay_alpha=&#8220;50&#8243; gutter_size=&#8220;3&#8243; shift_y=&#8220;0&#8243; z_index=&#8220;1&#8243; limit_content=&#8220;&#8220;][vc_column_inner column_width_percent=&#8220;100&#8243; align_horizontal=&#8220;align_center&#8220; gutter_size=&#8220;3&#8243; style=&#8220;dark&#8220; overlay_alpha=&#8220;50&#8243; shift_x=&#8220;0&#8243; shift_y=&#8220;0&#8243; shift_y_down=&#8220;0&#8243; z_index=&#8220;0&#8243; medium_width=&#8220;0&#8243; mobile_width=&#8220;0&#8243; width=&#8220;1\/1&#8243;][vc_custom_heading text_size=&#8220;fontsize-445851&#8243; text_transform=&#8220;uppercase&#8220; text_height=&#8220;fontheight-179065&#8243; css_animation=&#8220;bottom-t-top&#8220; animation_delay=&#8220;600&#8243; title=&#8220;&#8220; uncode_shortcode_id=&#8220;167206&#8243; text_color_type=&#8220;uncode-solid&#8220; text_color_solid=&#8220;rgba(255,255,255,0.2)&#8220;]your next journey[\/vc_custom_heading][\/vc_column_inner][\/vc_row_inner][vc_empty_space empty_h=&#8220;4&#8243;][\/vc_column][\/vc_row][vc_row][vc_column width=&#8220;1\/1&#8243;][uncode_block id=&#8220;47&#8243;][\/vc_column][\/vc_row][vc_row row_height_percent=&#8220;0&#8243; override_padding=&#8220;yes&#8220; h_padding=&#8220;2&#8243; top_padding=&#8220;5&#8243; bottom_padding=&#8220;5&#8243; overlay_alpha=&#8220;50&#8243; gutter_size=&#8220;3&#8243; column_width_percent=&#8220;100&#8243; shift_y=&#8220;0&#8243; z_index=&#8220;0&#8243;][vc_column column_width_use_pixel=&#8220;yes&#8220; align_horizontal=&#8220;align_center&#8220; gutter_size=&#8220;3&#8243; overlay_alpha=&#8220;50&#8243; shift_x=&#8220;0&#8243; shift_y=&#8220;0&#8243; shift_y_down=&#8220;0&#8243; z_index=&#8220;0&#8243; medium_width=&#8220;0&#8243; mobile_width=&#8220;0&#8243; width=&#8220;1\/1&#8243; column_width_pixel=&#8220;900&#8243;][vc_custom_heading heading_semantic=&#8220;h3&#8243; text_size=&#8220;fontsize-155944&#8243; uncode_shortcode_id=&#8220;179017&#8243;]Superior Zimmer[\/vc_custom_heading][vc_column_text text_lead=&#8220;yes&#8220; uncode_shortcode_id=&#8220;202084&#8243;]Die Superior Zimmer des Smart Hotel Napoli bieten ein h\u00f6heres Ma\u00df an Komfort, ideal f\u00fcr G\u00e4ste, die einen besonders entspannten Aufenthalt mit privilegiertem Blick auf den Anlegekai der Schiffe und den Yachthafen der Stazione Marittima w\u00fcnschen. Sie befinden sich ausschlie\u00dflich im ersten Stock des Hauses und verbinden Funktionalit\u00e4t, hohe Schlafqualit\u00e4t und ein einzigartiges visuelles Umfeld im urbanen Panorama von Neapel.[\/vc_column_text][\/vc_column][\/vc_row][vc_row unlock_row_content=&#8220;yes&#8220; row_height_percent=&#8220;0&#8243; override_padding=&#8220;yes&#8220; h_padding=&#8220;0&#8243; top_padding=&#8220;0&#8243; bottom_padding=&#8220;0&#8243; back_color=&#8220;color-lxmt&#8220; overlay_alpha=&#8220;50&#8243; equal_height=&#8220;yes&#8220; gutter_size=&#8220;0&#8243; column_width_percent=&#8220;100&#8243; shift_y=&#8220;0&#8243; z_index=&#8220;0&#8243; uncode_shortcode_id=&#8220;951067&#8243; back_color_type=&#8220;uncode-palette&#8220;][vc_column column_width_percent=&#8220;100&#8243; gutter_size=&#8220;3&#8243; overlay_alpha=&#8220;50&#8243; shift_x=&#8220;0&#8243; shift_y=&#8220;0&#8243; shift_y_down=&#8220;0&#8243; z_index=&#8220;0&#8243; medium_width=&#8220;0&#8243; mobile_width=&#8220;0&#8243; width=&#8220;1\/2&#8243; mobile_height=&#8220;340&#8243; uncode_shortcode_id=&#8220;214524&#8243;][vc_gallery el_id=&#8220;gallery-9751014&#8243; medias=&#8220;880,871,877,874,886,883&#8243; gallery_back_color=&#8220;color-lxmt&#8220; gutter_size=&#8220;1&#8243; screen_lg=&#8220;1000&#8243; screen_md=&#8220;600&#8243; screen_sm=&#8220;480&#8243; single_width=&#8220;3&#8243; images_size=&#8220;four-three&#8220; single_overlay_color=&#8220;color-424651&#8243; single_overlay_opacity=&#8220;50&#8243; single_h_align=&#8220;center&#8220; single_padding=&#8220;2&#8243; single_icon=&#8220;fa fa-plus2&#8243; single_border=&#8220;yes&#8220; single_css_animation=&#8220;alpha-anim&#8220; single_animation_speed=&#8220;600&#8243; single_animation_delay=&#8220;100&#8243; lbox_caption=&#8220;yes&#8220; lbox_social=&#8220;yes&#8220; lbox_deep=&#8220;yes&#8220; lbox_no_tmb=&#8220;yes&#8220; lbox_no_arrows=&#8220;yes&#8220; uncode_shortcode_id=&#8220;167253&#8243; gallery_back_color_type=&#8220;uncode-palette&#8220;][\/vc_column][vc_column column_width_use_pixel=&#8220;yes&#8220; gutter_size=&#8220;3&#8243; override_padding=&#8220;yes&#8220; column_padding=&#8220;5&#8243; overlay_alpha=&#8220;50&#8243; shift_x=&#8220;0&#8243; shift_y=&#8220;0&#8243; shift_y_down=&#8220;0&#8243; z_index=&#8220;0&#8243; medium_width=&#8220;0&#8243; mobile_width=&#8220;0&#8243; width=&#8220;1\/2&#8243; column_width_pixel=&#8220;528&#8243;][vc_custom_heading text_size=&#8220;h1&#8243; uncode_shortcode_id=&#8220;489793&#8243;]Hafenblick und hohe Schlafqualit\u00e4t[\/vc_custom_heading][vc_column_text uncode_shortcode_id=&#8220;910130&#8243;]<\/p>\n<div class=\"flex flex-col text-sm pb-25\">\n<article class=\"text-token-text-primary w-full focus:outline-none [--shadow-height:45px] has-data-writing-block:pointer-events-none has-data-writing-block:-mt-(--shadow-height) has-data-writing-block:pt-(--shadow-height) [&amp;:has([data-writing-block])&gt;*]:pointer-events-auto scroll-mt-[calc(var(--header-height)+min(200px,max(70px,20svh)))]\" dir=\"auto\" tabindex=\"-1\" data-turn-id=\"99b64730-15fa-485e-bc05-c81bd42f1cef\" data-testid=\"conversation-turn-36\" data-scroll-anchor=\"true\" data-turn=\"assistant\">\n<div class=\"text-base my-auto mx-auto pb-10 [--thread-content-margin:--spacing(4)] @w-sm\/main:[--thread-content-margin:--spacing(6)] @w-lg\/main:[--thread-content-margin:--spacing(16)] px-(--thread-content-margin)\">\n<div class=\"[--thread-content-max-width:40rem] @w-lg\/main:[--thread-content-max-width:48rem] mx-auto max-w-(--thread-content-max-width) flex-1 group\/turn-messages focus-visible:outline-hidden relative flex w-full min-w-0 flex-col agent-turn\" tabindex=\"-1\">\n<div class=\"flex max-w-full flex-col grow\">\n<div class=\"min-h-8 text-message relative flex w-full flex-col items-end gap-2 text-start break-words whitespace-normal [.text-message+&amp;]:mt-1\" dir=\"auto\" data-message-author-role=\"assistant\" data-message-id=\"0871a990-cc7d-4619-bf38-f24c1df94e43\" data-message-model-slug=\"gpt-5-2\">\n<div class=\"flex w-full flex-col gap-1 empty:hidden first:pt-[1px]\">\n<div class=\"markdown prose dark:prose-invert w-full wrap-break-word light markdown-new-styling\">\n<p data-start=\"1833\" data-end=\"2114\">Mit einer Fl\u00e4che von etwa 24 m\u00b2 sind die Superior Zimmer wahlweise mit Doppelbett oder Einzelbetten verf\u00fcgbar. Die R\u00e4ume sind hell und ruhig gestaltet und f\u00f6rdern sowohl das k\u00f6rperliche als auch das mentale Wohlbefinden, sowohl bei Urlaubsaufenthalten als auch bei Gesch\u00e4ftsreisen.<\/p>\n<p data-start=\"2116\" data-end=\"2340\">Im Mittelpunkt steht der Schlafkomfort. Diese Zimmer sind mit Memory-Foam-Matratzen und -Kissen ausgestattet, die sich der K\u00f6rperform anpassen, die Muskelentspannung f\u00f6rdern und einen tiefen, erholsamen Schlaf gew\u00e4hrleisten.<\/p>\n<p data-start=\"2342\" data-end=\"2497\">Das private Badezimmer ist gro\u00dfz\u00fcgig und sorgf\u00e4ltig gestaltet und verf\u00fcgt \u00fcber eine Dusche mit Chromotherapie, Haartrockner und nachhaltige Pflegeprodukte.<\/p>\n<p data-start=\"2499\" data-end=\"2701\" data-is-last-node=\"\" data-is-only-node=\"\">Jedes Superior Zimmer ist mit einem 49\u201d Smart-TV, kostenfreiem WLAN, individuell regulierbarer Klimaanlage und Heizung, Safe, Minibar, Telefon, Weckdienst, separatem Eingang und B\u00fcgeleisen ausgestattet.<\/p>\n<\/div>\n<\/div>\n<\/div>\n<\/div>\n<\/div>\n<\/div>\n<\/article>\n<\/div>\n<p>[\/vc_column_text][vc_empty_space empty_h=&#8220;1&#8243;][vc_button button_color=&#8220;color-4cb2a6&#8243; outline=&#8220;yes&#8220; border_width=&#8220;0&#8243; display=&#8220;inline&#8220; link=&#8220;url:https%3A%2F%2Fwww.simplebooking.it%2Fibe%2Fhotelbooking%2Fsearch%3Fhid%3D5638%26lang%3DEN%26cur%3DEUR|target:_blank|rel:nofollow|&#8220; button_color_type=&#8220;uncode-palette&#8220; uncode_shortcode_id=&#8220;165370&#8243;]Buchen Sie jetzt[\/vc_button][\/vc_column][\/vc_row][vc_row row_height_percent=&#8220;0&#8243; override_padding=&#8220;yes&#8220; h_padding=&#8220;2&#8243; top_padding=&#8220;5&#8243; bottom_padding=&#8220;3&#8243; overlay_alpha=&#8220;50&#8243; gutter_size=&#8220;3&#8243; column_width_percent=&#8220;100&#8243; shift_y=&#8220;0&#8243; z_index=&#8220;0&#8243; bottom_divider=&#8220;step_3_4&#8243; uncode_shortcode_id=&#8220;122785&#8243;][vc_column column_width_percent=&#8220;100&#8243; gutter_size=&#8220;3&#8243; overlay_alpha=&#8220;50&#8243; shift_x=&#8220;0&#8243; shift_y=&#8220;0&#8243; shift_y_down=&#8220;0&#8243; z_index=&#8220;0&#8243; medium_width=&#8220;0&#8243; mobile_width=&#8220;0&#8243; css_animation=&#8220;alpha-anim&#8220; animation_speed=&#8220;1000&#8243; width=&#8220;1\/1&#8243; uncode_shortcode_id=&#8220;809321&#8243;][uncode_block id=&#8220;64&#8243;][\/vc_column][\/vc_row]<\/p>\n","protected":false},"excerpt":{"rendered":"<p>[vc_row row_height_percent=&#8220;85&#8243; override_padding=&#8220;yes&#8220; h_padding=&#8220;3&#8243; top_padding=&#8220;5&#8243; bottom_padding=&#8220;5&#8243; back_color=&#8220;color-wayh&#8220; back_image=&#8220;149&#8243; overlay_color=&#8220;color-wayh&#8220; overlay_alpha=&#8220;50&#8243; gutter_size=&#8220;3&#8243; column_width_percent=&#8220;100&#8243; shift_y=&#8220;0&#8243; z_index=&#8220;0&#8243; top_divider=&#8220;swoosh&#8220; enable_bottom_divider=&#8220;default&#8220; bottom_divider_inv=&#8220;curve-asym-opacity&#8220; shape_bottom_invert=&#8220;yes&#8220; shape_bottom_h_use_pixel=&#8220;&#8220; shape_bottom_height=&#8220;100&#8243; [&hellip;]<\/p>\n","protected":false},"author":2,"featured_media":0,"parent":0,"menu_order":0,"comment_status":"closed","ping_status":"closed","template":"","meta":{"footnotes":""},"class_list":["post-2091","page","type-page","status-publish","hentry"],"yoast_head":"<!-- This site is optimized with the Yoast SEO plugin v24.5 - https:\/\/yoast.com\/wordpress\/plugins\/seo\/ -->\n<title>Superior Zimmer mit Meerblick in Neapel | Smart Hotel Napoli<\/title>\n<meta name=\"description\" content=\"Zimmer mit Blick auf den Hafen und den Pier, Memory-Foam-Matratzen, Dusche mit Chromotherapie, Smart TV und kostenlosem Wi Fi.\" \/>\n<meta name=\"robots\" content=\"index, follow, max-snippet:-1, max-image-preview:large, max-video-preview:-1\" \/>\n<link rel=\"canonical\" href=\"https:\/\/www.smarthotelnapoli.com\/camere-superior\/\" \/>\n<meta property=\"og:locale\" content=\"de_DE\" \/>\n<meta property=\"og:type\" content=\"article\" \/>\n<meta property=\"og:title\" content=\"Superior Zimmer mit Meerblick in Neapel | Smart Hotel Napoli\" \/>\n<meta property=\"og:description\" content=\"Zimmer mit Blick auf den Hafen und den Pier, Memory-Foam-Matratzen, Dusche mit Chromotherapie, Smart TV und kostenlosem Wi Fi.\" \/>\n<meta property=\"og:url\" content=\"https:\/\/www.smarthotelnapoli.com\/camere-superior\/\" \/>\n<meta property=\"og:site_name\" content=\"Smart Hotel Napoli\" \/>\n<meta property=\"article:publisher\" content=\"https:\/\/www.facebook.com\/smarthotelnapoli\/\" \/>\n<meta property=\"article:modified_time\" content=\"2026-02-25T16:16:07+00:00\" \/>\n<meta name=\"twitter:card\" content=\"summary_large_image\" \/>\n<meta name=\"twitter:label1\" content=\"Gesch\u00e4tzte Lesezeit\" \/>\n\t<meta name=\"twitter:data1\" content=\"7\u00a0Minuten\" \/>\n<script type=\"application\/ld+json\" class=\"yoast-schema-graph\">{\"@context\":\"https:\/\/schema.org\",\"@graph\":[{\"@type\":\"WebPage\",\"@id\":\"https:\/\/www.smarthotelnapoli.com\/camere-superior\/\",\"url\":\"https:\/\/www.smarthotelnapoli.com\/camere-superior\/\",\"name\":\"Superior Zimmer mit Meerblick in Neapel | Smart Hotel Napoli\",\"isPartOf\":{\"@id\":\"https:\/\/www.smarthotelnapoli.com\/#website\"},\"datePublished\":\"2026-02-18T15:44:21+00:00\",\"dateModified\":\"2026-02-25T16:16:07+00:00\",\"description\":\"Zimmer mit Blick auf den Hafen und den Pier, Memory-Foam-Matratzen, Dusche mit Chromotherapie, Smart TV und kostenlosem Wi Fi.\",\"inLanguage\":\"de\",\"potentialAction\":[{\"@type\":\"ReadAction\",\"target\":[\"https:\/\/www.smarthotelnapoli.com\/camere-superior\/\"]}]},{\"@type\":\"WebSite\",\"@id\":\"https:\/\/www.smarthotelnapoli.com\/#website\",\"url\":\"https:\/\/www.smarthotelnapoli.com\/\",\"name\":\"Smart Hotel Napoli\",\"description\":\"Scopri il nostro Hotel 4 stelle nel cuore di Napoli\",\"publisher\":{\"@id\":\"https:\/\/www.smarthotelnapoli.com\/#organization\"},\"potentialAction\":[{\"@type\":\"SearchAction\",\"target\":{\"@type\":\"EntryPoint\",\"urlTemplate\":\"https:\/\/www.smarthotelnapoli.com\/?s={search_term_string}\"},\"query-input\":{\"@type\":\"PropertyValueSpecification\",\"valueRequired\":true,\"valueName\":\"search_term_string\"}}],\"inLanguage\":\"de\"},{\"@type\":\"Organization\",\"@id\":\"https:\/\/www.smarthotelnapoli.com\/#organization\",\"name\":\"Smart Hotel Napoli\",\"url\":\"https:\/\/www.smarthotelnapoli.com\/\",\"logo\":{\"@type\":\"ImageObject\",\"inLanguage\":\"de\",\"@id\":\"https:\/\/www.smarthotelnapoli.com\/#\/schema\/logo\/image\/\",\"url\":\"https:\/\/www.smarthotelnapoli.com\/wp-content\/uploads\/2021\/10\/logo-shn-black.png\",\"contentUrl\":\"https:\/\/www.smarthotelnapoli.com\/wp-content\/uploads\/2021\/10\/logo-shn-black.png\",\"width\":320,\"height\":115,\"caption\":\"Smart Hotel Napoli\"},\"image\":{\"@id\":\"https:\/\/www.smarthotelnapoli.com\/#\/schema\/logo\/image\/\"},\"sameAs\":[\"https:\/\/www.facebook.com\/smarthotelnapoli\/\",\"https:\/\/www.instagram.com\/smahonapoli\/\"]}]}<\/script>\n<!-- \/ Yoast SEO plugin. -->","yoast_head_json":{"title":"Superior Zimmer mit Meerblick in Neapel | Smart Hotel Napoli","description":"Zimmer mit Blick auf den Hafen und den Pier, Memory-Foam-Matratzen, Dusche mit Chromotherapie, Smart TV und kostenlosem Wi Fi.","robots":{"index":"index","follow":"follow","max-snippet":"max-snippet:-1","max-image-preview":"max-image-preview:large","max-video-preview":"max-video-preview:-1"},"canonical":"https:\/\/www.smarthotelnapoli.com\/camere-superior\/","og_locale":"de_DE","og_type":"article","og_title":"Superior Zimmer mit Meerblick in Neapel | Smart Hotel Napoli","og_description":"Zimmer mit Blick auf den Hafen und den Pier, Memory-Foam-Matratzen, Dusche mit Chromotherapie, Smart TV und kostenlosem Wi Fi.","og_url":"https:\/\/www.smarthotelnapoli.com\/camere-superior\/","og_site_name":"Smart Hotel Napoli","article_publisher":"https:\/\/www.facebook.com\/smarthotelnapoli\/","article_modified_time":"2026-02-25T16:16:07+00:00","twitter_card":"summary_large_image","twitter_misc":{"Gesch\u00e4tzte Lesezeit":"7\u00a0Minuten"},"schema":{"@context":"https:\/\/schema.org","@graph":[{"@type":"WebPage","@id":"https:\/\/www.smarthotelnapoli.com\/camere-superior\/","url":"https:\/\/www.smarthotelnapoli.com\/camere-superior\/","name":"Superior Zimmer mit Meerblick in Neapel | Smart Hotel Napoli","isPartOf":{"@id":"https:\/\/www.smarthotelnapoli.com\/#website"},"datePublished":"2026-02-18T15:44:21+00:00","dateModified":"2026-02-25T16:16:07+00:00","description":"Zimmer mit Blick auf den Hafen und den Pier, Memory-Foam-Matratzen, Dusche mit Chromotherapie, Smart TV und kostenlosem Wi Fi.","inLanguage":"de","potentialAction":[{"@type":"ReadAction","target":["https:\/\/www.smarthotelnapoli.com\/camere-superior\/"]}]},{"@type":"WebSite","@id":"https:\/\/www.smarthotelnapoli.com\/#website","url":"https:\/\/www.smarthotelnapoli.com\/","name":"Smart Hotel Napoli","description":"Scopri il nostro Hotel 4 stelle nel cuore di Napoli","publisher":{"@id":"https:\/\/www.smarthotelnapoli.com\/#organization"},"potentialAction":[{"@type":"SearchAction","target":{"@type":"EntryPoint","urlTemplate":"https:\/\/www.smarthotelnapoli.com\/?s={search_term_string}"},"query-input":{"@type":"PropertyValueSpecification","valueRequired":true,"valueName":"search_term_string"}}],"inLanguage":"de"},{"@type":"Organization","@id":"https:\/\/www.smarthotelnapoli.com\/#organization","name":"Smart Hotel Napoli","url":"https:\/\/www.smarthotelnapoli.com\/","logo":{"@type":"ImageObject","inLanguage":"de","@id":"https:\/\/www.smarthotelnapoli.com\/#\/schema\/logo\/image\/","url":"https:\/\/www.smarthotelnapoli.com\/wp-content\/uploads\/2021\/10\/logo-shn-black.png","contentUrl":"https:\/\/www.smarthotelnapoli.com\/wp-content\/uploads\/2021\/10\/logo-shn-black.png","width":320,"height":115,"caption":"Smart Hotel Napoli"},"image":{"@id":"https:\/\/www.smarthotelnapoli.com\/#\/schema\/logo\/image\/"},"sameAs":["https:\/\/www.facebook.com\/smarthotelnapoli\/","https:\/\/www.instagram.com\/smahonapoli\/"]}]}},"_links":{"self":[{"href":"https:\/\/www.smarthotelnapoli.com\/de\/wp-json\/wp\/v2\/pages\/2091","targetHints":{"allow":["GET"]}}],"collection":[{"href":"https:\/\/www.smarthotelnapoli.com\/de\/wp-json\/wp\/v2\/pages"}],"about":[{"href":"https:\/\/www.smarthotelnapoli.com\/de\/wp-json\/wp\/v2\/types\/page"}],"author":[{"embeddable":true,"href":"https:\/\/www.smarthotelnapoli.com\/de\/wp-json\/wp\/v2\/users\/2"}],"replies":[{"embeddable":true,"href":"https:\/\/www.smarthotelnapoli.com\/de\/wp-json\/wp\/v2\/comments?post=2091"}],"version-history":[{"count":0,"href":"https:\/\/www.smarthotelnapoli.com\/de\/wp-json\/wp\/v2\/pages\/2091\/revisions"}],"wp:attachment":[{"href":"https:\/\/www.smarthotelnapoli.com\/de\/wp-json\/wp\/v2\/media?parent=2091"}],"curies":[{"name":"wp","href":"https:\/\/api.w.org\/{rel}","templated":true}]}}