{"id":1298,"date":"2022-06-03T13:16:08","date_gmt":"2022-06-03T11:16:08","guid":{"rendered":"https:\/\/www.smarthotelnapoli.com\/carnival-cruise-line\/"},"modified":"2025-08-27T10:07:05","modified_gmt":"2025-08-27T08:07:05","slug":"carnival-cruise-line","status":"publish","type":"page","link":"https:\/\/www.smarthotelnapoli.com\/fr\/carnival-cruise-line\/","title":{"rendered":"Carnival Cruise Line"},"content":{"rendered":"<p>[vc_row row_height_percent=\u00a0\u00bb85&Prime; override_padding=\u00a0\u00bbyes\u00a0\u00bb h_padding=\u00a0\u00bb3&Prime; top_padding=\u00a0\u00bb5&Prime; bottom_padding=\u00a0\u00bb5&Prime; back_color=\u00a0\u00bbcolor-wayh\u00a0\u00bb back_image=\u00a0\u00bb165&Prime; overlay_color=\u00a0\u00bbcolor-wayh\u00a0\u00bb overlay_alpha=\u00a0\u00bb30&Prime; gutter_size=\u00a0\u00bb3&Prime; column_width_percent=\u00a0\u00bb100&Prime; shift_y=\u00a0\u00bb0&Prime; z_index=\u00a0\u00bb0&Prime; top_divider=\u00a0\u00bbswoosh\u00a0\u00bb enable_bottom_divider=\u00a0\u00bbdefault\u00a0\u00bb bottom_divider_inv=\u00a0\u00bbcurve-asym-opacity\u00a0\u00bb shape_bottom_invert=\u00a0\u00bbyes\u00a0\u00bb shape_bottom_h_use_pixel=\u00a0\u00bb\u00a0\u00bb shape_bottom_height=\u00a0\u00bb100&Prime; shape_bottom_color=\u00a0\u00bbcolor-xsdn\u00a0\u00bb shape_bottom_opacity=\u00a0\u00bb100&Prime; shape_bottom_index=\u00a0\u00bb0&Prime; uncode_shortcode_id=\u00a0\u00bb111417&Prime; back_color_type=\u00a0\u00bbuncode-palette\u00a0\u00bb overlay_color_type=\u00a0\u00bbuncode-palette\u00a0\u00bb shape_bottom_color_type=\u00a0\u00bbuncode-palette\u00a0\u00bb shape_dividers=\u00a0\u00bb\u00a0\u00bb][vc_column column_width_percent=\u00a0\u00bb100&Prime; position_vertical=\u00a0\u00bbmiddle\u00a0\u00bb align_horizontal=\u00a0\u00bbalign_center\u00a0\u00bb gutter_size=\u00a0\u00bb4&Prime; style=\u00a0\u00bbdark\u00a0\u00bb overlay_alpha=\u00a0\u00bb50&Prime; shift_x=\u00a0\u00bb0&Prime; shift_y=\u00a0\u00bb0&Prime; shift_y_down=\u00a0\u00bb0&Prime; z_index=\u00a0\u00bb0&Prime; medium_width=\u00a0\u00bb0&Prime; mobile_width=\u00a0\u00bb0&Prime; width=\u00a0\u00bb1\/1&Prime;][vc_row_inner row_inner_height_percent=\u00a0\u00bb0&Prime; overlay_alpha=\u00a0\u00bb50&Prime; gutter_size=\u00a0\u00bb3&Prime; shift_y=\u00a0\u00bb0&Prime; z_index=\u00a0\u00bb1&Prime; limit_content=\u00a0\u00bb\u00a0\u00bb][vc_column_inner column_width_percent=\u00a0\u00bb100&Prime; align_horizontal=\u00a0\u00bbalign_center\u00a0\u00bb gutter_size=\u00a0\u00bb3&Prime; style=\u00a0\u00bbdark\u00a0\u00bb overlay_alpha=\u00a0\u00bb50&Prime; shift_x=\u00a0\u00bb0&Prime; shift_y=\u00a0\u00bb0&Prime; shift_y_down=\u00a0\u00bb0&Prime; z_index=\u00a0\u00bb0&Prime; medium_width=\u00a0\u00bb0&Prime; mobile_width=\u00a0\u00bb0&Prime; width=\u00a0\u00bb1\/1&Prime;][vc_custom_heading text_size=\u00a0\u00bbfontsize-445851&Prime; text_transform=\u00a0\u00bbuppercase\u00a0\u00bb text_height=\u00a0\u00bbfontheight-179065&Prime; css_animation=\u00a0\u00bbbottom-t-top\u00a0\u00bb animation_delay=\u00a0\u00bb600&Prime; title=\u00a0\u00bb\u00a0\u00bb uncode_shortcode_id=\u00a0\u00bb361620&Prime; text_color_type=\u00a0\u00bbuncode-solid\u00a0\u00bb text_color_solid=\u00a0\u00bbrgba(255,255,255,0.5)\u00a0\u00bb]Carnival Cruise Line[\/vc_custom_heading][vc_custom_heading heading_semantic=\u00a0\u00bbh1&Prime; text_size=\u00a0\u00bbh1&Prime; text_height=\u00a0\u00bbfontheight-179065&Prime; text_space=\u00a0\u00bbfontspace-111509&Prime; css_animation=\u00a0\u00bbbottom-t-top\u00a0\u00bb animation_delay=\u00a0\u00bb600&Prime; title=\u00a0\u00bb\u00a0\u00bb uncode_shortcode_id=\u00a0\u00bb200285&Prime; text_color_type=\u00a0\u00bbuncode-solid\u00a0\u00bb text_color_solid=\u00a0\u00bbrgba(255,255,255,0.52)\u00a0\u00bb]D\u00e9part de Naples Gare maritime[\/vc_custom_heading][\/vc_column_inner][\/vc_row_inner][vc_empty_space empty_h=\u00a0\u00bb4&Prime;][\/vc_column][\/vc_row][vc_row][vc_column width=\u00a0\u00bb1\/1&Prime;][uncode_block id=\u00a0\u00bb47&Prime;][\/vc_column][\/vc_row][vc_row row_height_percent=\u00a0\u00bb0&Prime; override_padding=\u00a0\u00bbyes\u00a0\u00bb h_padding=\u00a0\u00bb2&Prime; top_padding=\u00a0\u00bb5&Prime; bottom_padding=\u00a0\u00bb5&Prime; overlay_alpha=\u00a0\u00bb50&Prime; gutter_size=\u00a0\u00bb3&Prime; column_width_percent=\u00a0\u00bb100&Prime; shift_y=\u00a0\u00bb0&Prime; z_index=\u00a0\u00bb0&Prime;][vc_column column_width_use_pixel=\u00a0\u00bbyes\u00a0\u00bb align_horizontal=\u00a0\u00bbalign_center\u00a0\u00bb gutter_size=\u00a0\u00bb3&Prime; overlay_alpha=\u00a0\u00bb50&Prime; shift_x=\u00a0\u00bb0&Prime; shift_y=\u00a0\u00bb0&Prime; shift_y_down=\u00a0\u00bb0&Prime; z_index=\u00a0\u00bb0&Prime; medium_width=\u00a0\u00bb0&Prime; mobile_width=\u00a0\u00bb0&Prime; width=\u00a0\u00bb1\/1&Prime; column_width_pixel=\u00a0\u00bb900&Prime;][vc_custom_heading heading_semantic=\u00a0\u00bbh3&Prime; text_size=\u00a0\u00bbfontsize-155944&Prime; uncode_shortcode_id=\u00a0\u00bb527700&Prime;]H\u00f4tels \u00e0 Naples, pr\u00e8s de l&#8217;embarquement de la Carnival Cruise Line. Commencez et terminez votre croisi\u00e8re ici ![\/vc_custom_heading][vc_column_text text_lead=\u00a0\u00bbyes\u00a0\u00bb uncode_shortcode_id=\u00a0\u00bb430350&Prime;]Le Smart Hotel est situ\u00e9 dans la station maritime de Naples, \u00e0 un jet de pierre des embarcad\u00e8res des bateaux de croisi\u00e8re \u00ab\u00a0Carnival Crociere\u00a0\u00bb.[\/vc_column_text][\/vc_column][\/vc_row][vc_row row_height_percent=\u00a0\u00bb60&Prime; override_padding=\u00a0\u00bbyes\u00a0\u00bb h_padding=\u00a0\u00bb2&Prime; top_padding=\u00a0\u00bb6&Prime; bottom_padding=\u00a0\u00bb6&Prime; back_color=\u00a0\u00bbcolor-nhtu\u00a0\u00bb back_image=\u00a0\u00bb166&Prime; back_position=\u00a0\u00bbcenter bottom\u00a0\u00bb parallax=\u00a0\u00bbyes\u00a0\u00bb kburns=\u00a0\u00bbmagnetic\u00a0\u00bb overlay_color=\u00a0\u00bbcolor-jevc\u00a0\u00bb overlay_alpha=\u00a0\u00bb30&Prime; gutter_size=\u00a0\u00bb3&Prime; column_width_percent=\u00a0\u00bb100&Prime; shift_y=\u00a0\u00bb0&Prime; z_index=\u00a0\u00bb0&Prime; uncode_shortcode_id=\u00a0\u00bb122715&Prime; back_color_type=\u00a0\u00bbuncode-palette\u00a0\u00bb overlay_color_type=\u00a0\u00bbuncode-palette\u00a0\u00bb row_height_pixel=\u00a0\u00bb300&Prime;][vc_column column_width_use_pixel=\u00a0\u00bbyes\u00a0\u00bb position_vertical=\u00a0\u00bbmiddle\u00a0\u00bb align_horizontal=\u00a0\u00bbalign_center\u00a0\u00bb gutter_size=\u00a0\u00bb2&Prime; style=\u00a0\u00bbdark\u00a0\u00bb overlay_alpha=\u00a0\u00bb50&Prime; shift_x=\u00a0\u00bb0&Prime; shift_y=\u00a0\u00bb0&Prime; shift_y_down=\u00a0\u00bb0&Prime; z_index=\u00a0\u00bb0&Prime; medium_width=\u00a0\u00bb0&Prime; mobile_width=\u00a0\u00bb0&Prime; width=\u00a0\u00bb1\/1&Prime; column_width_pixel=\u00a0\u00bb900&Prime; uncode_shortcode_id=\u00a0\u00bb161055&Prime; mobile_height=\u00a0\u00bb380&Prime;][vc_empty_space empty_h=\u00a0\u00bb3&Prime;][\/vc_column][\/vc_row][vc_row row_height_percent=\u00a0\u00bb0&Prime; override_padding=\u00a0\u00bbyes\u00a0\u00bb h_padding=\u00a0\u00bb2&Prime; top_padding=\u00a0\u00bb5&Prime; bottom_padding=\u00a0\u00bb5&Prime; back_color=\u00a0\u00bbcolor-lxmt\u00a0\u00bb back_image=\u00a0\u00bb19&Prime; overlay_color=\u00a0\u00bbcolor-lxmt\u00a0\u00bb overlay_alpha=\u00a0\u00bb45&Prime; gutter_size=\u00a0\u00bb3&Prime; column_width_percent=\u00a0\u00bb100&Prime; shift_y=\u00a0\u00bb0&Prime; z_index=\u00a0\u00bb0&Prime; uncode_shortcode_id=\u00a0\u00bb201988&Prime; back_color_type=\u00a0\u00bbuncode-palette\u00a0\u00bb overlay_color_type=\u00a0\u00bbuncode-palette\u00a0\u00bb][vc_column width=\u00a0\u00bb1\/1&Prime;][vc_row_inner][vc_column_inner column_width_percent=\u00a0\u00bb100&Prime; gutter_size=\u00a0\u00bb3&Prime; override_padding=\u00a0\u00bbyes\u00a0\u00bb column_padding=\u00a0\u00bb2&Prime; overlay_alpha=\u00a0\u00bb50&Prime; shift_x=\u00a0\u00bb0&Prime; shift_y=\u00a0\u00bb0&Prime; shift_y_down=\u00a0\u00bb0&Prime; z_index=\u00a0\u00bb0&Prime; medium_width=\u00a0\u00bb0&Prime; mobile_width=\u00a0\u00bb0&Prime; width=\u00a0\u00bb2\/3&Prime; uncode_shortcode_id=\u00a0\u00bb350261&Prime;][vc_column_text uncode_shortcode_id=\u00a0\u00bb165424&Prime;]<\/p>\n<h3>Un \u00e9l\u00e9gant h\u00f4tel 4 \u00e9toiles avec des chambres design lumineuses et spacieuses et les meilleurs services pour ceux qui partent ou arrivent d\u2019une croisi\u00e8re Carnival.<\/h3>\n<p>Chaque passager muni d\u2019un billet pour embarquer sur un navire Carnival Cruises depuis le port de Naples b\u00e9n\u00e9ficie d\u2019une r\u00e9servation prioritaire et d\u2019une offre sp\u00e9ciale au meilleur tarif disponible sur le site.<\/p>\n<h3>Clients VIP ? Hospitalit\u00e9 et d\u00e9gustation !<\/h3>\n<p>Pour cette client\u00e8le, un service d\u2019accueil est pr\u00e9vu dans le lounge bar de l\u2019h\u00f4tel avec d\u00e9gustation de vins et de caf\u00e9s accompagn\u00e9s de snacks et desserts traditionnels de Campanie. Des services business sont \u00e9galement disponibles, tels qu\u2019une salle \u00e9quip\u00e9e d\u2019ordinateur, imprimante et WiFi haut d\u00e9bit.[\/vc_column_text][\/vc_column_inner][vc_column_inner column_width_percent=\u00a0\u00bb100&Prime; gutter_size=\u00a0\u00bb3&Prime; override_padding=\u00a0\u00bbyes\u00a0\u00bb column_padding=\u00a0\u00bb2&Prime; overlay_alpha=\u00a0\u00bb50&Prime; shift_x=\u00a0\u00bb0&Prime; shift_y=\u00a0\u00bb0&Prime; shift_y_down=\u00a0\u00bb0&Prime; z_index=\u00a0\u00bb0&Prime; medium_width=\u00a0\u00bb0&Prime; mobile_width=\u00a0\u00bb0&Prime; width=\u00a0\u00bb1\/3&Prime; uncode_shortcode_id=\u00a0\u00bb197372&Prime;][vc_column_text uncode_shortcode_id=\u00a0\u00bb497444&Prime;]<\/p>\n<h3>Les clients trouvent, en plus de chambres \u00e9l\u00e9gantes et spacieuses \u00e9quip\u00e9es de tout le confort :<\/h3>\n<p>\u2022 Wifi gratuit<br \/>\n\u2022 Chambres insonoris\u00e9es<br \/>\n\u2022 Petit d\u00e9jeuner copieux et savoureux avec des produits frais<br \/>\n\u2022 Service en chambre<br \/>\n\u2022 Climatisation<br \/>\n\u2022 Parking payant[\/vc_column_text][\/vc_column_inner][\/vc_row_inner][\/vc_column][\/vc_row][vc_row row_height_percent=\u00a0\u00bb0&Prime; override_padding=\u00a0\u00bbyes\u00a0\u00bb h_padding=\u00a0\u00bb2&Prime; top_padding=\u00a0\u00bb5&Prime; bottom_padding=\u00a0\u00bb3&Prime; overlay_alpha=\u00a0\u00bb50&Prime; gutter_size=\u00a0\u00bb3&Prime; column_width_percent=\u00a0\u00bb100&Prime; shift_y=\u00a0\u00bb0&Prime; z_index=\u00a0\u00bb0&Prime; bottom_divider=\u00a0\u00bbstep_3_4&Prime; uncode_shortcode_id=\u00a0\u00bb122785&Prime;][vc_column column_width_percent=\u00a0\u00bb100&Prime; gutter_size=\u00a0\u00bb3&Prime; overlay_alpha=\u00a0\u00bb50&Prime; shift_x=\u00a0\u00bb0&Prime; shift_y=\u00a0\u00bb0&Prime; shift_y_down=\u00a0\u00bb0&Prime; z_index=\u00a0\u00bb0&Prime; medium_width=\u00a0\u00bb0&Prime; mobile_width=\u00a0\u00bb0&Prime; css_animation=\u00a0\u00bbalpha-anim\u00a0\u00bb animation_speed=\u00a0\u00bb1000&Prime; width=\u00a0\u00bb1\/1&Prime; uncode_shortcode_id=\u00a0\u00bb809321&Prime;][uncode_block id=\u00a0\u00bb64&Prime;][\/vc_column][\/vc_row]<\/p>\n","protected":false},"excerpt":{"rendered":"<p>[vc_row row_height_percent=\u00a0\u00bb85&Prime; override_padding=\u00a0\u00bbyes\u00a0\u00bb h_padding=\u00a0\u00bb3&Prime; top_padding=\u00a0\u00bb5&Prime; bottom_padding=\u00a0\u00bb5&Prime; back_color=\u00a0\u00bbcolor-wayh\u00a0\u00bb back_image=\u00a0\u00bb165&Prime; overlay_color=\u00a0\u00bbcolor-wayh\u00a0\u00bb overlay_alpha=\u00a0\u00bb30&Prime; gutter_size=\u00a0\u00bb3&Prime; column_width_percent=\u00a0\u00bb100&Prime; shift_y=\u00a0\u00bb0&Prime; z_index=\u00a0\u00bb0&Prime; top_divider=\u00a0\u00bbswoosh\u00a0\u00bb enable_bottom_divider=\u00a0\u00bbdefault\u00a0\u00bb bottom_divider_inv=\u00a0\u00bbcurve-asym-opacity\u00a0\u00bb shape_bottom_invert=\u00a0\u00bbyes\u00a0\u00bb shape_bottom_h_use_pixel=\u00a0\u00bb\u00a0\u00bb shape_bottom_height=\u00a0\u00bb100&Prime; [&hellip;]<\/p>\n","protected":false},"author":1,"featured_media":0,"parent":0,"menu_order":0,"comment_status":"closed","ping_status":"closed","template":"","meta":{"footnotes":""},"class_list":["post-1298","page","type-page","status-publish","hentry"],"yoast_head":"<!-- This site is optimized with the Yoast SEO plugin v24.5 - https:\/\/yoast.com\/wordpress\/plugins\/seo\/ -->\n<title>H\u00f4tel \u00c0 Naples Pour Croisi\u00e8res Carnival | Smart Hotel Napoli<\/title>\n<meta name=\"description\" content=\"Le Smart Hotel Napoli, situ\u00e9 dans la station maritime, est id\u00e9al pour d\u00e9buter et conclure votre croisi\u00e8re Carnival dans le plus grand confort.\" \/>\n<meta name=\"robots\" content=\"index, follow, max-snippet:-1, max-image-preview:large, max-video-preview:-1\" \/>\n<link rel=\"canonical\" href=\"https:\/\/www.smarthotelnapoli.com\/fr\/carnival-cruise-line\/\" \/>\n<meta property=\"og:locale\" content=\"fr_FR\" \/>\n<meta property=\"og:type\" content=\"article\" \/>\n<meta property=\"og:title\" content=\"H\u00f4tel \u00c0 Naples Pour Croisi\u00e8res Carnival | Smart Hotel Napoli\" \/>\n<meta property=\"og:description\" content=\"Le Smart Hotel Napoli, situ\u00e9 dans la station maritime, est id\u00e9al pour d\u00e9buter et conclure votre croisi\u00e8re Carnival dans le plus grand confort.\" \/>\n<meta property=\"og:url\" content=\"https:\/\/www.smarthotelnapoli.com\/fr\/carnival-cruise-line\/\" \/>\n<meta property=\"og:site_name\" content=\"Smart Hotel Napoli\" \/>\n<meta property=\"article:publisher\" content=\"https:\/\/www.facebook.com\/smarthotelnapoli\/\" \/>\n<meta property=\"article:modified_time\" content=\"2025-08-27T08:07:05+00:00\" \/>\n<meta name=\"twitter:card\" content=\"summary_large_image\" \/>\n<meta name=\"twitter:label1\" content=\"Dur\u00e9e de lecture estim\u00e9e\" \/>\n\t<meta name=\"twitter:data1\" content=\"3 minutes\" \/>\n<script type=\"application\/ld+json\" class=\"yoast-schema-graph\">{\"@context\":\"https:\/\/schema.org\",\"@graph\":[{\"@type\":\"WebPage\",\"@id\":\"https:\/\/www.smarthotelnapoli.com\/fr\/carnival-cruise-line\/\",\"url\":\"https:\/\/www.smarthotelnapoli.com\/fr\/carnival-cruise-line\/\",\"name\":\"H\u00f4tel \u00c0 Naples Pour Croisi\u00e8res Carnival | Smart Hotel Napoli\",\"isPartOf\":{\"@id\":\"https:\/\/www.smarthotelnapoli.com\/#website\"},\"datePublished\":\"2022-06-03T11:16:08+00:00\",\"dateModified\":\"2025-08-27T08:07:05+00:00\",\"description\":\"Le Smart Hotel Napoli, situ\u00e9 dans la station maritime, est id\u00e9al pour d\u00e9buter et conclure votre croisi\u00e8re Carnival dans le plus grand confort.\",\"inLanguage\":\"fr-FR\",\"potentialAction\":[{\"@type\":\"ReadAction\",\"target\":[\"https:\/\/www.smarthotelnapoli.com\/fr\/carnival-cruise-line\/\"]}]},{\"@type\":\"WebSite\",\"@id\":\"https:\/\/www.smarthotelnapoli.com\/#website\",\"url\":\"https:\/\/www.smarthotelnapoli.com\/\",\"name\":\"Smart Hotel Napoli\",\"description\":\"Scopri il nostro Hotel 4 stelle nel cuore di Napoli\",\"publisher\":{\"@id\":\"https:\/\/www.smarthotelnapoli.com\/#organization\"},\"potentialAction\":[{\"@type\":\"SearchAction\",\"target\":{\"@type\":\"EntryPoint\",\"urlTemplate\":\"https:\/\/www.smarthotelnapoli.com\/?s={search_term_string}\"},\"query-input\":{\"@type\":\"PropertyValueSpecification\",\"valueRequired\":true,\"valueName\":\"search_term_string\"}}],\"inLanguage\":\"fr-FR\"},{\"@type\":\"Organization\",\"@id\":\"https:\/\/www.smarthotelnapoli.com\/#organization\",\"name\":\"Smart Hotel Napoli\",\"url\":\"https:\/\/www.smarthotelnapoli.com\/\",\"logo\":{\"@type\":\"ImageObject\",\"inLanguage\":\"fr-FR\",\"@id\":\"https:\/\/www.smarthotelnapoli.com\/#\/schema\/logo\/image\/\",\"url\":\"https:\/\/www.smarthotelnapoli.com\/wp-content\/uploads\/2021\/10\/logo-shn-black.png\",\"contentUrl\":\"https:\/\/www.smarthotelnapoli.com\/wp-content\/uploads\/2021\/10\/logo-shn-black.png\",\"width\":320,\"height\":115,\"caption\":\"Smart Hotel Napoli\"},\"image\":{\"@id\":\"https:\/\/www.smarthotelnapoli.com\/#\/schema\/logo\/image\/\"},\"sameAs\":[\"https:\/\/www.facebook.com\/smarthotelnapoli\/\",\"https:\/\/www.instagram.com\/smahonapoli\/\"]}]}<\/script>\n<!-- \/ Yoast SEO plugin. -->","yoast_head_json":{"title":"H\u00f4tel \u00c0 Naples Pour Croisi\u00e8res Carnival | Smart Hotel Napoli","description":"Le Smart Hotel Napoli, situ\u00e9 dans la station maritime, est id\u00e9al pour d\u00e9buter et conclure votre croisi\u00e8re Carnival dans le plus grand confort.","robots":{"index":"index","follow":"follow","max-snippet":"max-snippet:-1","max-image-preview":"max-image-preview:large","max-video-preview":"max-video-preview:-1"},"canonical":"https:\/\/www.smarthotelnapoli.com\/fr\/carnival-cruise-line\/","og_locale":"fr_FR","og_type":"article","og_title":"H\u00f4tel \u00c0 Naples Pour Croisi\u00e8res Carnival | Smart Hotel Napoli","og_description":"Le Smart Hotel Napoli, situ\u00e9 dans la station maritime, est id\u00e9al pour d\u00e9buter et conclure votre croisi\u00e8re Carnival dans le plus grand confort.","og_url":"https:\/\/www.smarthotelnapoli.com\/fr\/carnival-cruise-line\/","og_site_name":"Smart Hotel Napoli","article_publisher":"https:\/\/www.facebook.com\/smarthotelnapoli\/","article_modified_time":"2025-08-27T08:07:05+00:00","twitter_card":"summary_large_image","twitter_misc":{"Dur\u00e9e de lecture estim\u00e9e":"3 minutes"},"schema":{"@context":"https:\/\/schema.org","@graph":[{"@type":"WebPage","@id":"https:\/\/www.smarthotelnapoli.com\/fr\/carnival-cruise-line\/","url":"https:\/\/www.smarthotelnapoli.com\/fr\/carnival-cruise-line\/","name":"H\u00f4tel \u00c0 Naples Pour Croisi\u00e8res Carnival | Smart Hotel Napoli","isPartOf":{"@id":"https:\/\/www.smarthotelnapoli.com\/#website"},"datePublished":"2022-06-03T11:16:08+00:00","dateModified":"2025-08-27T08:07:05+00:00","description":"Le Smart Hotel Napoli, situ\u00e9 dans la station maritime, est id\u00e9al pour d\u00e9buter et conclure votre croisi\u00e8re Carnival dans le plus grand confort.","inLanguage":"fr-FR","potentialAction":[{"@type":"ReadAction","target":["https:\/\/www.smarthotelnapoli.com\/fr\/carnival-cruise-line\/"]}]},{"@type":"WebSite","@id":"https:\/\/www.smarthotelnapoli.com\/#website","url":"https:\/\/www.smarthotelnapoli.com\/","name":"Smart Hotel Napoli","description":"Scopri il nostro Hotel 4 stelle nel cuore di Napoli","publisher":{"@id":"https:\/\/www.smarthotelnapoli.com\/#organization"},"potentialAction":[{"@type":"SearchAction","target":{"@type":"EntryPoint","urlTemplate":"https:\/\/www.smarthotelnapoli.com\/?s={search_term_string}"},"query-input":{"@type":"PropertyValueSpecification","valueRequired":true,"valueName":"search_term_string"}}],"inLanguage":"fr-FR"},{"@type":"Organization","@id":"https:\/\/www.smarthotelnapoli.com\/#organization","name":"Smart Hotel Napoli","url":"https:\/\/www.smarthotelnapoli.com\/","logo":{"@type":"ImageObject","inLanguage":"fr-FR","@id":"https:\/\/www.smarthotelnapoli.com\/#\/schema\/logo\/image\/","url":"https:\/\/www.smarthotelnapoli.com\/wp-content\/uploads\/2021\/10\/logo-shn-black.png","contentUrl":"https:\/\/www.smarthotelnapoli.com\/wp-content\/uploads\/2021\/10\/logo-shn-black.png","width":320,"height":115,"caption":"Smart Hotel Napoli"},"image":{"@id":"https:\/\/www.smarthotelnapoli.com\/#\/schema\/logo\/image\/"},"sameAs":["https:\/\/www.facebook.com\/smarthotelnapoli\/","https:\/\/www.instagram.com\/smahonapoli\/"]}]}},"_links":{"self":[{"href":"https:\/\/www.smarthotelnapoli.com\/fr\/wp-json\/wp\/v2\/pages\/1298","targetHints":{"allow":["GET"]}}],"collection":[{"href":"https:\/\/www.smarthotelnapoli.com\/fr\/wp-json\/wp\/v2\/pages"}],"about":[{"href":"https:\/\/www.smarthotelnapoli.com\/fr\/wp-json\/wp\/v2\/types\/page"}],"author":[{"embeddable":true,"href":"https:\/\/www.smarthotelnapoli.com\/fr\/wp-json\/wp\/v2\/users\/1"}],"replies":[{"embeddable":true,"href":"https:\/\/www.smarthotelnapoli.com\/fr\/wp-json\/wp\/v2\/comments?post=1298"}],"version-history":[{"count":0,"href":"https:\/\/www.smarthotelnapoli.com\/fr\/wp-json\/wp\/v2\/pages\/1298\/revisions"}],"wp:attachment":[{"href":"https:\/\/www.smarthotelnapoli.com\/fr\/wp-json\/wp\/v2\/media?parent=1298"}],"curies":[{"name":"wp","href":"https:\/\/api.w.org\/{rel}","templated":true}]}}