{"id":432,"date":"2021-11-24T16:08:25","date_gmt":"2021-11-24T15:08:25","guid":{"rendered":"https:\/\/www.smarthotelnapoli.com\/contatti\/"},"modified":"2025-08-27T10:10:56","modified_gmt":"2025-08-27T08:10:56","slug":"contacts","status":"publish","type":"page","link":"https:\/\/www.smarthotelnapoli.com\/fr\/contacts\/","title":{"rendered":"Contactez-nous"},"content":{"rendered":"<p>[vc_row row_height_percent=\u00a0\u00bb85&Prime; override_padding=\u00a0\u00bbyes\u00a0\u00bb h_padding=\u00a0\u00bb3&Prime; top_padding=\u00a0\u00bb5&Prime; bottom_padding=\u00a0\u00bb5&Prime; back_color=\u00a0\u00bbcolor-wayh\u00a0\u00bb back_image=\u00a0\u00bb33&Prime; overlay_color=\u00a0\u00bbcolor-wayh\u00a0\u00bb overlay_alpha=\u00a0\u00bb50&Prime; gutter_size=\u00a0\u00bb3&Prime; column_width_percent=\u00a0\u00bb100&Prime; shift_y=\u00a0\u00bb0&Prime; z_index=\u00a0\u00bb0&Prime; top_divider=\u00a0\u00bbswoosh\u00a0\u00bb enable_bottom_divider=\u00a0\u00bbdefault\u00a0\u00bb bottom_divider_inv=\u00a0\u00bbcurve-asym-opacity\u00a0\u00bb shape_bottom_invert=\u00a0\u00bbyes\u00a0\u00bb shape_bottom_h_use_pixel=\u00a0\u00bb\u00a0\u00bb shape_bottom_height=\u00a0\u00bb100&Prime; shape_bottom_color=\u00a0\u00bbcolor-xsdn\u00a0\u00bb shape_bottom_opacity=\u00a0\u00bb100&Prime; shape_bottom_index=\u00a0\u00bb0&Prime; uncode_shortcode_id=\u00a0\u00bb763747&Prime; back_color_type=\u00a0\u00bbuncode-palette\u00a0\u00bb overlay_color_type=\u00a0\u00bbuncode-palette\u00a0\u00bb shape_bottom_color_type=\u00a0\u00bbuncode-palette\u00a0\u00bb][vc_column column_width_percent=\u00a0\u00bb100&Prime; position_vertical=\u00a0\u00bbmiddle\u00a0\u00bb align_horizontal=\u00a0\u00bbalign_center\u00a0\u00bb gutter_size=\u00a0\u00bb4&Prime; style=\u00a0\u00bbdark\u00a0\u00bb overlay_alpha=\u00a0\u00bb50&Prime; shift_x=\u00a0\u00bb0&Prime; shift_y=\u00a0\u00bb0&Prime; shift_y_down=\u00a0\u00bb0&Prime; z_index=\u00a0\u00bb0&Prime; medium_width=\u00a0\u00bb0&Prime; mobile_width=\u00a0\u00bb0&Prime; width=\u00a0\u00bb1\/1&Prime;][vc_row_inner row_inner_height_percent=\u00a0\u00bb0&Prime; overlay_alpha=\u00a0\u00bb50&Prime; gutter_size=\u00a0\u00bb3&Prime; shift_y=\u00a0\u00bb0&Prime; z_index=\u00a0\u00bb1&Prime; limit_content=\u00a0\u00bb\u00a0\u00bb][vc_column_inner column_width_percent=\u00a0\u00bb100&Prime; align_horizontal=\u00a0\u00bbalign_center\u00a0\u00bb gutter_size=\u00a0\u00bb3&Prime; style=\u00a0\u00bbdark\u00a0\u00bb overlay_alpha=\u00a0\u00bb50&Prime; shift_x=\u00a0\u00bb0&Prime; shift_y=\u00a0\u00bb0&Prime; shift_y_down=\u00a0\u00bb0&Prime; z_index=\u00a0\u00bb0&Prime; medium_width=\u00a0\u00bb0&Prime; mobile_width=\u00a0\u00bb0&Prime; width=\u00a0\u00bb1\/1&Prime;][vc_custom_heading text_size=\u00a0\u00bbfontsize-445851&Prime; text_transform=\u00a0\u00bbuppercase\u00a0\u00bb text_height=\u00a0\u00bbfontheight-179065&Prime; css_animation=\u00a0\u00bbbottom-t-top\u00a0\u00bb animation_delay=\u00a0\u00bb600&Prime; title=\u00a0\u00bb\u00a0\u00bb uncode_shortcode_id=\u00a0\u00bb202920&Prime; text_color_type=\u00a0\u00bbuncode-solid\u00a0\u00bb text_color_solid=\u00a0\u00bbrgba(255,255,255,0.5)\u00a0\u00bb]Contacts[\/vc_custom_heading][vc_custom_heading heading_semantic=\u00a0\u00bbh1&Prime; text_size=\u00a0\u00bbh1&Prime; text_height=\u00a0\u00bbfontheight-179065&Prime; text_space=\u00a0\u00bbfontspace-111509&Prime; css_animation=\u00a0\u00bbbottom-t-top\u00a0\u00bb animation_delay=\u00a0\u00bb600&Prime; title=\u00a0\u00bb\u00a0\u00bb uncode_shortcode_id=\u00a0\u00bb207025&Prime; text_color_type=\u00a0\u00bbuncode-solid\u00a0\u00bb text_color_solid=\u00a0\u00bbrgba(255,255,255,0.52)\u00a0\u00bb]Smart Hotel[\/vc_custom_heading][\/vc_column_inner][\/vc_row_inner][vc_empty_space empty_h=\u00a0\u00bb4&Prime;][\/vc_column][\/vc_row][vc_row row_height_percent=\u00a0\u00bb0&Prime; override_padding=\u00a0\u00bbyes\u00a0\u00bb h_padding=\u00a0\u00bb2&Prime; top_padding=\u00a0\u00bb5&Prime; bottom_padding=\u00a0\u00bb5&Prime; overlay_alpha=\u00a0\u00bb0&Prime; gutter_size=\u00a0\u00bb100&Prime; column_width_percent=\u00a0\u00bb100&Prime; shift_y=\u00a0\u00bb0&Prime; z_index=\u00a0\u00bb0&Prime; style=\u00a0\u00bbinherited\u00a0\u00bb][vc_column column_width_percent=\u00a0\u00bb100&Prime; align_horizontal=\u00a0\u00bbalign_center\u00a0\u00bb gutter_size=\u00a0\u00bb4&Prime; overlay_alpha=\u00a0\u00bb100&Prime; shift_x=\u00a0\u00bb0&Prime; shift_y=\u00a0\u00bb0&Prime; shift_y_down=\u00a0\u00bb0&Prime; z_index=\u00a0\u00bb0&Prime; medium_width=\u00a0\u00bb0&Prime; mobile_width=\u00a0\u00bb0&Prime; zoom_width=\u00a0\u00bb0&Prime; zoom_height=\u00a0\u00bb0&Prime; width=\u00a0\u00bb1\/1&Prime;][vc_row_inner row_inner_height_percent=\u00a0\u00bb0&Prime; overlay_alpha=\u00a0\u00bb100&Prime; gutter_size=\u00a0\u00bb4&Prime; shift_y=\u00a0\u00bb0&Prime;][vc_column_inner column_width_percent=\u00a0\u00bb100&Prime; align_horizontal=\u00a0\u00bbalign_center\u00a0\u00bb gutter_size=\u00a0\u00bb3&Prime; overlay_alpha=\u00a0\u00bb100&Prime; shift_x=\u00a0\u00bb0&Prime; shift_y=\u00a0\u00bb0&Prime; shift_y_down=\u00a0\u00bb0&Prime; z_index=\u00a0\u00bb0&Prime; medium_width=\u00a0\u00bb3&Prime; mobile_width=\u00a0\u00bb0&Prime; zoom_width=\u00a0\u00bb0&Prime; zoom_height=\u00a0\u00bb0&Prime; width=\u00a0\u00bb1\/3&Prime;][vc_icon icon=\u00a0\u00bbfa fa-envelope-open-o\u00a0\u00bb icon_color=\u00a0\u00bbaccent\u00a0\u00bb size=\u00a0\u00bbfa-3x\u00a0\u00bb text_size=\u00a0\u00bbh4&Prime; align=\u00a0\u00bbleft\u00a0\u00bb title=\u00a0\u00bbinfo@smarthotelnapoli.it\u00a0\u00bb uncode_shortcode_id=\u00a0\u00bb751480&Prime; icon_color_type=\u00a0\u00bbuncode-palette\u00a0\u00bb link=\u00a0\u00bburl:mailto%3Ainfo%40smarthotelnapoli.it%E2%80%8B|rel:nofollow\u00a0\u00bb][\/vc_icon][\/vc_column_inner][vc_column_inner column_width_percent=\u00a0\u00bb100&Prime; align_horizontal=\u00a0\u00bbalign_center\u00a0\u00bb gutter_size=\u00a0\u00bb3&Prime; overlay_alpha=\u00a0\u00bb100&Prime; shift_x=\u00a0\u00bb0&Prime; shift_y=\u00a0\u00bb0&Prime; shift_y_down=\u00a0\u00bb0&Prime; z_index=\u00a0\u00bb0&Prime; medium_width=\u00a0\u00bb3&Prime; mobile_width=\u00a0\u00bb0&Prime; zoom_width=\u00a0\u00bb0&Prime; zoom_height=\u00a0\u00bb0&Prime; width=\u00a0\u00bb1\/3&Prime;][vc_icon icon=\u00a0\u00bbfa fa-phone-outline\u00a0\u00bb icon_color=\u00a0\u00bbaccent\u00a0\u00bb size=\u00a0\u00bbfa-3x\u00a0\u00bb text_size=\u00a0\u00bbh4&Prime; align=\u00a0\u00bbleft\u00a0\u00bb title=\u00a0\u00bb+39 081.18060364&Prime; uncode_shortcode_id=\u00a0\u00bb108470&Prime; icon_color_type=\u00a0\u00bbuncode-palette\u00a0\u00bb link=\u00a0\u00bburl:tel%3A%2B3908118060364|rel:nofollow\u00a0\u00bb][\/vc_icon][\/vc_column_inner][vc_column_inner column_width_percent=\u00a0\u00bb100&Prime; align_horizontal=\u00a0\u00bbalign_center\u00a0\u00bb gutter_size=\u00a0\u00bb3&Prime; overlay_alpha=\u00a0\u00bb100&Prime; shift_x=\u00a0\u00bb0&Prime; shift_y=\u00a0\u00bb0&Prime; shift_y_down=\u00a0\u00bb0&Prime; z_index=\u00a0\u00bb0&Prime; medium_width=\u00a0\u00bb3&Prime; mobile_width=\u00a0\u00bb0&Prime; zoom_width=\u00a0\u00bb0&Prime; zoom_height=\u00a0\u00bb0&Prime; width=\u00a0\u00bb1\/3&Prime;][vc_icon icon=\u00a0\u00bbfa fa-map2&Prime; icon_color=\u00a0\u00bbaccent\u00a0\u00bb size=\u00a0\u00bbfa-3x\u00a0\u00bb text_size=\u00a0\u00bbh4&Prime; align=\u00a0\u00bbleft\u00a0\u00bb title=\u00a0\u00bbAcces\u00a0\u00bb uncode_shortcode_id=\u00a0\u00bb187390&Prime; icon_color_type=\u00a0\u00bbuncode-palette\u00a0\u00bb link=\u00a0\u00bburl:https%3A%2F%2Fwww.smarthotelnapoli.com%2Ffr%2Fhotel-gare-maritime-naples-molo-beverello%2F|title:Acces\u00a0\u00bb][\/vc_icon][\/vc_column_inner][\/vc_row_inner][\/vc_column][\/vc_row][vc_row unlock_row_content=\u00a0\u00bbyes\u00a0\u00bb row_height_percent=\u00a0\u00bb50&Prime; override_padding=\u00a0\u00bbyes\u00a0\u00bb h_padding=\u00a0\u00bb0&Prime; top_padding=\u00a0\u00bb0&Prime; bottom_padding=\u00a0\u00bb0&Prime; back_color=\u00a0\u00bbcolor-424651&Prime; overlay_alpha=\u00a0\u00bb100&Prime; gutter_size=\u00a0\u00bb3&Prime; column_width_percent=\u00a0\u00bb100&Prime; shift_y=\u00a0\u00bb0&Prime; z_index=\u00a0\u00bb0&Prime;][vc_column column_width_percent=\u00a0\u00bb100&Prime; position_horizontal=\u00a0\u00bbleft\u00a0\u00bb gutter_size=\u00a0\u00bb3&Prime; expand_height=\u00a0\u00bbyes\u00a0\u00bb overlay_alpha=\u00a0\u00bb100&Prime; shift_x=\u00a0\u00bb0&Prime; shift_y=\u00a0\u00bb0&Prime; shift_y_down=\u00a0\u00bb0&Prime; z_index=\u00a0\u00bb0&Prime; medium_width=\u00a0\u00bb0&Prime; mobile_width=\u00a0\u00bb0&Prime; zoom_width=\u00a0\u00bb0&Prime; zoom_height=\u00a0\u00bb0&Prime; width=\u00a0\u00bb1\/1&Prime; mobile_height=\u00a0\u00bb360&Prime;][vc_gmaps map_color=\u00a0\u00bbcolor-424651&Prime; ui_color=\u00a0\u00bbcolor-4cb2a6&Prime; zoom=\u00a0\u00bb17&Prime; map_saturation=\u00a0\u00bb-100&Prime; map_brightness=\u00a0\u00bb0&Prime; latlon=\u00a0\u00bb40.838585564410174, 14.257954226988053&Prime; uncode_shortcode_id=\u00a0\u00bb876849&Prime; map_color_type=\u00a0\u00bbuncode-palette\u00a0\u00bb ui_color_type=\u00a0\u00bbuncode-palette\u00a0\u00bb][\/vc_column][\/vc_row][vc_row row_height_percent=\u00a0\u00bb0&Prime; override_padding=\u00a0\u00bbyes\u00a0\u00bb h_padding=\u00a0\u00bb2&Prime; top_padding=\u00a0\u00bb5&Prime; bottom_padding=\u00a0\u00bb5&Prime; overlay_alpha=\u00a0\u00bb50&Prime; gutter_size=\u00a0\u00bb3&Prime; column_width_percent=\u00a0\u00bb100&Prime; shift_y=\u00a0\u00bb0&Prime; z_index=\u00a0\u00bb0&Prime;][vc_column column_width_use_pixel=\u00a0\u00bbyes\u00a0\u00bb align_horizontal=\u00a0\u00bbalign_center\u00a0\u00bb gutter_size=\u00a0\u00bb3&Prime; overlay_alpha=\u00a0\u00bb50&Prime; shift_x=\u00a0\u00bb0&Prime; shift_y=\u00a0\u00bb0&Prime; shift_y_down=\u00a0\u00bb0&Prime; z_index=\u00a0\u00bb0&Prime; medium_width=\u00a0\u00bb0&Prime; mobile_width=\u00a0\u00bb0&Prime; width=\u00a0\u00bb1\/1&Prime; column_width_pixel=\u00a0\u00bb990&Prime; uncode_shortcode_id=\u00a0\u00bb120823&Prime;][vc_custom_heading heading_semantic=\u00a0\u00bbh3&Prime; text_size=\u00a0\u00bbfontsize-155944&Prime; uncode_shortcode_id=\u00a0\u00bb162685&Prime;]Demande d&rsquo;information[\/vc_custom_heading][vc_column_text text_lead=\u00a0\u00bbyes\u00a0\u00bb uncode_shortcode_id=\u00a0\u00bb679651&Prime;]Veuillez remplir le formulaire dans toutes ses parties afin de garantir une r\u00e9ponse rapide et compl\u00e8te.[\/vc_column_text][vc_row_inner][vc_column_inner column_width_use_pixel=\u00a0\u00bbyes\u00a0\u00bb align_horizontal=\u00a0\u00bbalign_center\u00a0\u00bb gutter_size=\u00a0\u00bb3&Prime; style=\u00a0\u00bblight\u00a0\u00bb overlay_alpha=\u00a0\u00bb50&Prime; shift_x=\u00a0\u00bb0&Prime; shift_y=\u00a0\u00bb0&Prime; shift_y_down=\u00a0\u00bb0&Prime; z_index=\u00a0\u00bb0&Prime; medium_width=\u00a0\u00bb0&Prime; mobile_width=\u00a0\u00bb0&Prime; width=\u00a0\u00bb1\/1&Prime; column_width_pixel=\u00a0\u00bb990&Prime; uncode_shortcode_id=\u00a0\u00bb515963&Prime;]\n<div class=\"wpcf7 no-js\" id=\"wpcf7-f409-o1\" lang=\"en-US\" dir=\"ltr\" data-wpcf7-id=\"409\">\n<div class=\"screen-reader-response\"><p role=\"status\" aria-live=\"polite\" aria-atomic=\"true\"><\/p> <ul><\/ul><\/div>\n<form action=\"\/fr\/wp-json\/wp\/v2\/pages\/432#wpcf7-f409-o1\" method=\"post\" class=\"wpcf7-form init\" aria-label=\"Contact form\" novalidate=\"novalidate\" data-status=\"init\">\n<div style=\"display: none;\">\n<input type=\"hidden\" name=\"_wpcf7\" value=\"409\" \/>\n<input type=\"hidden\" name=\"_wpcf7_version\" value=\"6.0.4\" \/>\n<input type=\"hidden\" name=\"_wpcf7_locale\" value=\"en_US\" \/>\n<input type=\"hidden\" name=\"_wpcf7_unit_tag\" value=\"wpcf7-f409-o1\" \/>\n<input type=\"hidden\" name=\"_wpcf7_container_post\" value=\"0\" \/>\n<input type=\"hidden\" name=\"_wpcf7_posted_data_hash\" value=\"\" \/>\n<\/div>\n<div class=\"wpcf7-inline-wrapper\">\n\t<p class=\"wpcf7-inline-field\"><span class=\"wpcf7-form-control-wrap\" data-name=\"firstname\"><input size=\"40\" maxlength=\"400\" class=\"wpcf7-form-control wpcf7-text wpcf7-validates-as-required\" aria-required=\"true\" aria-invalid=\"false\" placeholder=\"Nom*\" value=\"\" type=\"text\" name=\"firstname\" \/><\/span>\n\t<\/p>\n\t<p class=\"wpcf7-inline-field\"><span class=\"wpcf7-form-control-wrap\" data-name=\"lastname\"><input size=\"40\" maxlength=\"400\" class=\"wpcf7-form-control wpcf7-text wpcf7-validates-as-required\" aria-required=\"true\" aria-invalid=\"false\" placeholder=\"Pr\u00e9nom*\" value=\"\" type=\"text\" name=\"lastname\" \/><\/span>\n\t<\/p>\n<\/div>\n<div class=\"wpcf7-inline-wrapper\">\n\t<p class=\"wpcf7-inline-field\"><span class=\"wpcf7-form-control-wrap\" data-name=\"email\"><input size=\"40\" maxlength=\"400\" class=\"wpcf7-form-control wpcf7-email wpcf7-validates-as-required wpcf7-text wpcf7-validates-as-email\" aria-required=\"true\" aria-invalid=\"false\" placeholder=\"E-mail*\" value=\"\" type=\"email\" name=\"email\" \/><\/span>\n\t<\/p>\n\t<p class=\"wpcf7-inline-field\"><span class=\"wpcf7-form-control-wrap\" data-name=\"phone\"><input size=\"40\" maxlength=\"400\" class=\"wpcf7-form-control wpcf7-text wpcf7-validates-as-required\" aria-required=\"true\" aria-invalid=\"false\" placeholder=\"T\u00e9l\u00e9phone*\" value=\"\" type=\"text\" name=\"phone\" \/><\/span>\n\t<\/p>\n<\/div>\n<div class=\"wpcf7-inline-wrapper\">\n\t<p class=\"wpcf7-inline-field\">Check-in<br \/>\n<span class=\"wpcf7-form-control-wrap\" data-name=\"check-in\"><input class=\"wpcf7-form-control wpcf7-date wpcf7-validates-as-required wpcf7-validates-as-date required\" min=\"2026-05-06\" aria-required=\"true\" aria-invalid=\"false\" value=\"\" type=\"date\" name=\"check-in\" \/><\/span>\n\t<\/p>\n\t<p class=\"wpcf7-inline-field\">Check-out<br \/>\n<span class=\"wpcf7-form-control-wrap\" data-name=\"check-out\"><input class=\"wpcf7-form-control wpcf7-date wpcf7-validates-as-required wpcf7-validates-as-date required\" min=\"2026-05-07\" aria-required=\"true\" aria-invalid=\"false\" value=\"\" type=\"date\" name=\"check-out\" \/><\/span>\n\t<\/p>\n<\/div>\n<p><span class=\"wpcf7-form-control-wrap\" data-name=\"message\"><textarea cols=\"40\" rows=\"10\" maxlength=\"2000\" class=\"wpcf7-form-control wpcf7-textarea\" aria-invalid=\"false\" placeholder=\"Autres demandes\" name=\"message\"><\/textarea><\/span>\n<\/p>\n<p><span class=\"wpcf7-form-control-wrap\" data-name=\"privacy\"><span class=\"wpcf7-form-control wpcf7-acceptance\"><span class=\"wpcf7-list-item\"><label><input type=\"checkbox\" name=\"privacy\" value=\"1\" aria-invalid=\"false\" \/><span class=\"wpcf7-list-item-label\">J'ai lu et j'accepte la <a href=\"\/fr\/privacy-policy\/\">politique de confidentialit\u00e9<\/a> du site<\/span><\/label><\/span><\/span><\/span>\n<\/p>\n<p><input class=\"wpcf7-form-control wpcf7-submit has-spinner btn btn-color-4cb2a6 btn-block\" type=\"submit\" value=\"Envoyer la demande\" \/>\n<\/p><p style=\"display: none !important;\" class=\"akismet-fields-container\" data-prefix=\"_wpcf7_ak_\"><label>&#916;<textarea name=\"_wpcf7_ak_hp_textarea\" cols=\"45\" rows=\"8\" maxlength=\"100\"><\/textarea><\/label><input type=\"hidden\" id=\"ak_js_1\" name=\"_wpcf7_ak_js\" value=\"206\"\/><script>document.getElementById( \"ak_js_1\" ).setAttribute( \"value\", ( new Date() ).getTime() );<\/script><\/p><div class=\"wpcf7-response-output\" aria-hidden=\"true\"><\/div>\n<\/form>\n<\/div>\n[\/vc_column_inner][\/vc_row_inner][\/vc_column][\/vc_row]<\/p>\n","protected":false},"excerpt":{"rendered":"<p>[vc_row row_height_percent=\u00a0\u00bb85&Prime; override_padding=\u00a0\u00bbyes\u00a0\u00bb h_padding=\u00a0\u00bb3&Prime; top_padding=\u00a0\u00bb5&Prime; bottom_padding=\u00a0\u00bb5&Prime; back_color=\u00a0\u00bbcolor-wayh\u00a0\u00bb back_image=\u00a0\u00bb33&Prime; overlay_color=\u00a0\u00bbcolor-wayh\u00a0\u00bb overlay_alpha=\u00a0\u00bb50&Prime; gutter_size=\u00a0\u00bb3&Prime; column_width_percent=\u00a0\u00bb100&Prime; shift_y=\u00a0\u00bb0&Prime; z_index=\u00a0\u00bb0&Prime; top_divider=\u00a0\u00bbswoosh\u00a0\u00bb enable_bottom_divider=\u00a0\u00bbdefault\u00a0\u00bb bottom_divider_inv=\u00a0\u00bbcurve-asym-opacity\u00a0\u00bb shape_bottom_invert=\u00a0\u00bbyes\u00a0\u00bb shape_bottom_h_use_pixel=\u00a0\u00bb\u00a0\u00bb shape_bottom_height=\u00a0\u00bb100&Prime; [&hellip;]<\/p>\n","protected":false},"author":1,"featured_media":0,"parent":0,"menu_order":0,"comment_status":"closed","ping_status":"closed","template":"","meta":{"footnotes":""},"class_list":["post-432","page","type-page","status-publish","hentry"],"yoast_head":"<!-- This site is optimized with the Yoast SEO plugin v24.5 - https:\/\/yoast.com\/wordpress\/plugins\/seo\/ -->\n<title>Smart Hotel Napoli | Contact Et Informations | Naples<\/title>\n<meta name=\"description\" content=\"Pour vos demandes ou r\u00e9servations, contactez Smart Hotel Napoli. Nous r\u00e9pondons rapidement par email ou t\u00e9l\u00e9phone, pour un s\u00e9jour serein.\" \/>\n<meta name=\"robots\" content=\"index, follow, max-snippet:-1, max-image-preview:large, max-video-preview:-1\" \/>\n<link rel=\"canonical\" href=\"https:\/\/www.smarthotelnapoli.com\/fr\/contacts\/\" \/>\n<meta property=\"og:locale\" content=\"fr_FR\" \/>\n<meta property=\"og:type\" content=\"article\" \/>\n<meta property=\"og:title\" content=\"Smart Hotel Napoli | Contact Et Informations | Naples\" \/>\n<meta property=\"og:description\" content=\"Pour vos demandes ou r\u00e9servations, contactez Smart Hotel Napoli. Nous r\u00e9pondons rapidement par email ou t\u00e9l\u00e9phone, pour un s\u00e9jour serein.\" \/>\n<meta property=\"og:url\" content=\"https:\/\/www.smarthotelnapoli.com\/fr\/contacts\/\" \/>\n<meta property=\"og:site_name\" content=\"Smart Hotel Napoli\" \/>\n<meta property=\"article:publisher\" content=\"https:\/\/www.facebook.com\/smarthotelnapoli\/\" \/>\n<meta property=\"article:modified_time\" content=\"2025-08-27T08:10:56+00:00\" \/>\n<meta name=\"twitter:card\" content=\"summary_large_image\" \/>\n<meta name=\"twitter:label1\" content=\"Dur\u00e9e de lecture estim\u00e9e\" \/>\n\t<meta name=\"twitter:data1\" content=\"2 minutes\" \/>\n<script type=\"application\/ld+json\" class=\"yoast-schema-graph\">{\"@context\":\"https:\/\/schema.org\",\"@graph\":[{\"@type\":\"WebPage\",\"@id\":\"https:\/\/www.smarthotelnapoli.com\/fr\/contacts\/\",\"url\":\"https:\/\/www.smarthotelnapoli.com\/fr\/contacts\/\",\"name\":\"Smart Hotel Napoli | Contact Et Informations | Naples\",\"isPartOf\":{\"@id\":\"https:\/\/www.smarthotelnapoli.com\/#website\"},\"datePublished\":\"2021-11-24T15:08:25+00:00\",\"dateModified\":\"2025-08-27T08:10:56+00:00\",\"description\":\"Pour vos demandes ou r\u00e9servations, contactez Smart Hotel Napoli. Nous r\u00e9pondons rapidement par email ou t\u00e9l\u00e9phone, pour un s\u00e9jour serein.\",\"inLanguage\":\"fr-FR\",\"potentialAction\":[{\"@type\":\"ReadAction\",\"target\":[\"https:\/\/www.smarthotelnapoli.com\/fr\/contacts\/\"]}]},{\"@type\":\"WebSite\",\"@id\":\"https:\/\/www.smarthotelnapoli.com\/#website\",\"url\":\"https:\/\/www.smarthotelnapoli.com\/\",\"name\":\"Smart Hotel Napoli\",\"description\":\"Scopri il nostro Hotel 4 stelle nel cuore di Napoli\",\"publisher\":{\"@id\":\"https:\/\/www.smarthotelnapoli.com\/#organization\"},\"potentialAction\":[{\"@type\":\"SearchAction\",\"target\":{\"@type\":\"EntryPoint\",\"urlTemplate\":\"https:\/\/www.smarthotelnapoli.com\/?s={search_term_string}\"},\"query-input\":{\"@type\":\"PropertyValueSpecification\",\"valueRequired\":true,\"valueName\":\"search_term_string\"}}],\"inLanguage\":\"fr-FR\"},{\"@type\":\"Organization\",\"@id\":\"https:\/\/www.smarthotelnapoli.com\/#organization\",\"name\":\"Smart Hotel Napoli\",\"url\":\"https:\/\/www.smarthotelnapoli.com\/\",\"logo\":{\"@type\":\"ImageObject\",\"inLanguage\":\"fr-FR\",\"@id\":\"https:\/\/www.smarthotelnapoli.com\/#\/schema\/logo\/image\/\",\"url\":\"https:\/\/www.smarthotelnapoli.com\/wp-content\/uploads\/2021\/10\/logo-shn-black.png\",\"contentUrl\":\"https:\/\/www.smarthotelnapoli.com\/wp-content\/uploads\/2021\/10\/logo-shn-black.png\",\"width\":320,\"height\":115,\"caption\":\"Smart Hotel Napoli\"},\"image\":{\"@id\":\"https:\/\/www.smarthotelnapoli.com\/#\/schema\/logo\/image\/\"},\"sameAs\":[\"https:\/\/www.facebook.com\/smarthotelnapoli\/\",\"https:\/\/www.instagram.com\/smahonapoli\/\"]}]}<\/script>\n<!-- \/ Yoast SEO plugin. -->","yoast_head_json":{"title":"Smart Hotel Napoli | Contact Et Informations | Naples","description":"Pour vos demandes ou r\u00e9servations, contactez Smart Hotel Napoli. Nous r\u00e9pondons rapidement par email ou t\u00e9l\u00e9phone, pour un s\u00e9jour serein.","robots":{"index":"index","follow":"follow","max-snippet":"max-snippet:-1","max-image-preview":"max-image-preview:large","max-video-preview":"max-video-preview:-1"},"canonical":"https:\/\/www.smarthotelnapoli.com\/fr\/contacts\/","og_locale":"fr_FR","og_type":"article","og_title":"Smart Hotel Napoli | Contact Et Informations | Naples","og_description":"Pour vos demandes ou r\u00e9servations, contactez Smart Hotel Napoli. Nous r\u00e9pondons rapidement par email ou t\u00e9l\u00e9phone, pour un s\u00e9jour serein.","og_url":"https:\/\/www.smarthotelnapoli.com\/fr\/contacts\/","og_site_name":"Smart Hotel Napoli","article_publisher":"https:\/\/www.facebook.com\/smarthotelnapoli\/","article_modified_time":"2025-08-27T08:10:56+00:00","twitter_card":"summary_large_image","twitter_misc":{"Dur\u00e9e de lecture estim\u00e9e":"2 minutes"},"schema":{"@context":"https:\/\/schema.org","@graph":[{"@type":"WebPage","@id":"https:\/\/www.smarthotelnapoli.com\/fr\/contacts\/","url":"https:\/\/www.smarthotelnapoli.com\/fr\/contacts\/","name":"Smart Hotel Napoli | Contact Et Informations | Naples","isPartOf":{"@id":"https:\/\/www.smarthotelnapoli.com\/#website"},"datePublished":"2021-11-24T15:08:25+00:00","dateModified":"2025-08-27T08:10:56+00:00","description":"Pour vos demandes ou r\u00e9servations, contactez Smart Hotel Napoli. Nous r\u00e9pondons rapidement par email ou t\u00e9l\u00e9phone, pour un s\u00e9jour serein.","inLanguage":"fr-FR","potentialAction":[{"@type":"ReadAction","target":["https:\/\/www.smarthotelnapoli.com\/fr\/contacts\/"]}]},{"@type":"WebSite","@id":"https:\/\/www.smarthotelnapoli.com\/#website","url":"https:\/\/www.smarthotelnapoli.com\/","name":"Smart Hotel Napoli","description":"Scopri il nostro Hotel 4 stelle nel cuore di Napoli","publisher":{"@id":"https:\/\/www.smarthotelnapoli.com\/#organization"},"potentialAction":[{"@type":"SearchAction","target":{"@type":"EntryPoint","urlTemplate":"https:\/\/www.smarthotelnapoli.com\/?s={search_term_string}"},"query-input":{"@type":"PropertyValueSpecification","valueRequired":true,"valueName":"search_term_string"}}],"inLanguage":"fr-FR"},{"@type":"Organization","@id":"https:\/\/www.smarthotelnapoli.com\/#organization","name":"Smart Hotel Napoli","url":"https:\/\/www.smarthotelnapoli.com\/","logo":{"@type":"ImageObject","inLanguage":"fr-FR","@id":"https:\/\/www.smarthotelnapoli.com\/#\/schema\/logo\/image\/","url":"https:\/\/www.smarthotelnapoli.com\/wp-content\/uploads\/2021\/10\/logo-shn-black.png","contentUrl":"https:\/\/www.smarthotelnapoli.com\/wp-content\/uploads\/2021\/10\/logo-shn-black.png","width":320,"height":115,"caption":"Smart Hotel Napoli"},"image":{"@id":"https:\/\/www.smarthotelnapoli.com\/#\/schema\/logo\/image\/"},"sameAs":["https:\/\/www.facebook.com\/smarthotelnapoli\/","https:\/\/www.instagram.com\/smahonapoli\/"]}]}},"_links":{"self":[{"href":"https:\/\/www.smarthotelnapoli.com\/fr\/wp-json\/wp\/v2\/pages\/432","targetHints":{"allow":["GET"]}}],"collection":[{"href":"https:\/\/www.smarthotelnapoli.com\/fr\/wp-json\/wp\/v2\/pages"}],"about":[{"href":"https:\/\/www.smarthotelnapoli.com\/fr\/wp-json\/wp\/v2\/types\/page"}],"author":[{"embeddable":true,"href":"https:\/\/www.smarthotelnapoli.com\/fr\/wp-json\/wp\/v2\/users\/1"}],"replies":[{"embeddable":true,"href":"https:\/\/www.smarthotelnapoli.com\/fr\/wp-json\/wp\/v2\/comments?post=432"}],"version-history":[{"count":0,"href":"https:\/\/www.smarthotelnapoli.com\/fr\/wp-json\/wp\/v2\/pages\/432\/revisions"}],"wp:attachment":[{"href":"https:\/\/www.smarthotelnapoli.com\/fr\/wp-json\/wp\/v2\/media?parent=432"}],"curies":[{"name":"wp","href":"https:\/\/api.w.org\/{rel}","templated":true}]}}