{"id":434,"date":"2021-12-20T09:09:51","date_gmt":"2021-12-20T08:09:51","guid":{"rendered":"https:\/\/www.smarthotelnapoli.com\/gallery\/"},"modified":"2025-08-27T10:17:31","modified_gmt":"2025-08-27T08:17:31","slug":"gallery","status":"publish","type":"page","link":"https:\/\/www.smarthotelnapoli.com\/fr\/gallery\/","title":{"rendered":"Galerie des m\u00e9dias"},"content":{"rendered":"<p>[vc_row row_height_percent=\u00a0\u00bb40&Prime; override_padding=\u00a0\u00bbyes\u00a0\u00bb h_padding=\u00a0\u00bb3&Prime; top_padding=\u00a0\u00bb5&Prime; bottom_padding=\u00a0\u00bb5&Prime; back_color=\u00a0\u00bbcolor-wayh\u00a0\u00bb back_image=\u00a0\u00bb20&Prime; overlay_color=\u00a0\u00bbcolor-wayh\u00a0\u00bb overlay_alpha=\u00a0\u00bb50&Prime; gutter_size=\u00a0\u00bb3&Prime; column_width_percent=\u00a0\u00bb100&Prime; shift_y=\u00a0\u00bb0&Prime; z_index=\u00a0\u00bb0&Prime; top_divider=\u00a0\u00bbswoosh\u00a0\u00bb enable_bottom_divider=\u00a0\u00bbdefault\u00a0\u00bb bottom_divider_inv=\u00a0\u00bbcurve-asym-opacity\u00a0\u00bb shape_bottom_invert=\u00a0\u00bbyes\u00a0\u00bb shape_bottom_h_use_pixel=\u00a0\u00bb\u00a0\u00bb shape_bottom_height=\u00a0\u00bb100&Prime; shape_bottom_color=\u00a0\u00bbcolor-xsdn\u00a0\u00bb shape_bottom_opacity=\u00a0\u00bb100&Prime; shape_bottom_index=\u00a0\u00bb0&Prime; uncode_shortcode_id=\u00a0\u00bb167461&Prime; back_color_type=\u00a0\u00bbuncode-palette\u00a0\u00bb overlay_color_type=\u00a0\u00bbuncode-palette\u00a0\u00bb shape_bottom_color_type=\u00a0\u00bbuncode-palette\u00a0\u00bb][vc_column column_width_percent=\u00a0\u00bb100&Prime; position_vertical=\u00a0\u00bbmiddle\u00a0\u00bb align_horizontal=\u00a0\u00bbalign_center\u00a0\u00bb gutter_size=\u00a0\u00bb4&Prime; style=\u00a0\u00bbdark\u00a0\u00bb overlay_alpha=\u00a0\u00bb50&Prime; shift_x=\u00a0\u00bb0&Prime; shift_y=\u00a0\u00bb0&Prime; shift_y_down=\u00a0\u00bb0&Prime; z_index=\u00a0\u00bb0&Prime; medium_width=\u00a0\u00bb0&Prime; mobile_width=\u00a0\u00bb0&Prime; width=\u00a0\u00bb1\/1&Prime;][vc_row_inner row_inner_height_percent=\u00a0\u00bb0&Prime; overlay_alpha=\u00a0\u00bb50&Prime; gutter_size=\u00a0\u00bb3&Prime; shift_y=\u00a0\u00bb0&Prime; z_index=\u00a0\u00bb1&Prime; limit_content=\u00a0\u00bb\u00a0\u00bb][vc_column_inner column_width_percent=\u00a0\u00bb100&Prime; align_horizontal=\u00a0\u00bbalign_center\u00a0\u00bb gutter_size=\u00a0\u00bb3&Prime; style=\u00a0\u00bbdark\u00a0\u00bb overlay_alpha=\u00a0\u00bb50&Prime; shift_x=\u00a0\u00bb0&Prime; shift_y=\u00a0\u00bb0&Prime; shift_y_down=\u00a0\u00bb0&Prime; z_index=\u00a0\u00bb0&Prime; medium_width=\u00a0\u00bb0&Prime; mobile_width=\u00a0\u00bb0&Prime; width=\u00a0\u00bb1\/1&Prime;][vc_custom_heading text_size=\u00a0\u00bbfontsize-445851&Prime; text_transform=\u00a0\u00bbuppercase\u00a0\u00bb text_height=\u00a0\u00bbfontheight-179065&Prime; css_animation=\u00a0\u00bbbottom-t-top\u00a0\u00bb animation_delay=\u00a0\u00bb600&Prime; title=\u00a0\u00bb\u00a0\u00bb uncode_shortcode_id=\u00a0\u00bb152270&Prime; text_color_type=\u00a0\u00bbuncode-solid\u00a0\u00bb text_color_solid=\u00a0\u00bbrgba(255,255,255,0.2)\u00a0\u00bb]Galerie des m\u00e9dias[\/vc_custom_heading][vc_custom_heading heading_semantic=\u00a0\u00bbh6&Prime; text_size=\u00a0\u00bbh4&Prime; text_height=\u00a0\u00bbfontheight-179065&Prime; text_space=\u00a0\u00bbfontspace-111509&Prime; css_animation=\u00a0\u00bbbottom-t-top\u00a0\u00bb animation_delay=\u00a0\u00bb600&Prime; title=\u00a0\u00bb\u00a0\u00bb uncode_shortcode_id=\u00a0\u00bb931492&Prime; text_color_type=\u00a0\u00bbuncode-solid\u00a0\u00bb text_color_solid=\u00a0\u00bbrgba(255,255,255,0.52)\u00a0\u00bb]Photos et vid\u00e9os de Smart Hotel et des R\u00e9seaux Sociaux[\/vc_custom_heading][\/vc_column_inner][\/vc_row_inner][vc_empty_space empty_h=\u00a0\u00bb4&Prime;][\/vc_column][\/vc_row][vc_row row_height_percent=\u00a0\u00bb0&Prime; override_padding=\u00a0\u00bbyes\u00a0\u00bb h_padding=\u00a0\u00bb2&Prime; top_padding=\u00a0\u00bb5&Prime; bottom_padding=\u00a0\u00bb3&Prime; overlay_alpha=\u00a0\u00bb50&Prime; gutter_size=\u00a0\u00bb3&Prime; column_width_percent=\u00a0\u00bb100&Prime; shift_y=\u00a0\u00bb0&Prime; z_index=\u00a0\u00bb0&Prime; uncode_shortcode_id=\u00a0\u00bb805076&Prime;][vc_column column_width_percent=\u00a0\u00bb100&Prime; align_horizontal=\u00a0\u00bbalign_center\u00a0\u00bb gutter_size=\u00a0\u00bb3&Prime; overlay_alpha=\u00a0\u00bb50&Prime; shift_x=\u00a0\u00bb0&Prime; shift_y=\u00a0\u00bb0&Prime; shift_y_down=\u00a0\u00bb0&Prime; z_index=\u00a0\u00bb0&Prime; medium_width=\u00a0\u00bb0&Prime; mobile_width=\u00a0\u00bb0&Prime; uncode_shortcode_id=\u00a0\u00bb175168&Prime;][vc_custom_heading text_color=\u00a0\u00bbcolor-jevc\u00a0\u00bb text_size=\u00a0\u00bbfontsize-155944&Prime; text_height=\u00a0\u00bbfontheight-179065&Prime; css_animation=\u00a0\u00bbbottom-t-top\u00a0\u00bb animation_delay=\u00a0\u00bb600&Prime; title=\u00a0\u00bb\u00a0\u00bb uncode_shortcode_id=\u00a0\u00bb181525&Prime; text_color_type=\u00a0\u00bbuncode-palette\u00a0\u00bb]Bient\u00f4t disponible[\/vc_custom_heading][\/vc_column][\/vc_row]<\/p>\n","protected":false},"excerpt":{"rendered":"<p>[vc_row row_height_percent=\u00a0\u00bb40&Prime; override_padding=\u00a0\u00bbyes\u00a0\u00bb h_padding=\u00a0\u00bb3&Prime; top_padding=\u00a0\u00bb5&Prime; bottom_padding=\u00a0\u00bb5&Prime; back_color=\u00a0\u00bbcolor-wayh\u00a0\u00bb back_image=\u00a0\u00bb20&Prime; overlay_color=\u00a0\u00bbcolor-wayh\u00a0\u00bb overlay_alpha=\u00a0\u00bb50&Prime; gutter_size=\u00a0\u00bb3&Prime; column_width_percent=\u00a0\u00bb100&Prime; shift_y=\u00a0\u00bb0&Prime; z_index=\u00a0\u00bb0&Prime; top_divider=\u00a0\u00bbswoosh\u00a0\u00bb enable_bottom_divider=\u00a0\u00bbdefault\u00a0\u00bb bottom_divider_inv=\u00a0\u00bbcurve-asym-opacity\u00a0\u00bb shape_bottom_invert=\u00a0\u00bbyes\u00a0\u00bb shape_bottom_h_use_pixel=\u00a0\u00bb\u00a0\u00bb shape_bottom_height=\u00a0\u00bb100&Prime; [&hellip;]<\/p>\n","protected":false},"author":1,"featured_media":0,"parent":0,"menu_order":0,"comment_status":"closed","ping_status":"closed","template":"","meta":{"footnotes":""},"class_list":["post-434","page","type-page","status-publish","hentry"],"yoast_head":"<!-- This site is optimized with the Yoast SEO plugin v24.5 - https:\/\/yoast.com\/wordpress\/plugins\/seo\/ -->\n<title>Smart Hotel Napoli | Galerie Photos Et Vid\u00e9os<\/title>\n<meta name=\"description\" content=\"Plongez dans l\u2019univers visuel du Smart Hotel : int\u00e9rieur raffin\u00e9, bar-bistrot anim\u00e9, vues sur le golfe et esth\u00e9tique contemporaine.\" \/>\n<meta name=\"robots\" content=\"index, follow, max-snippet:-1, max-image-preview:large, max-video-preview:-1\" \/>\n<link rel=\"canonical\" href=\"https:\/\/www.smarthotelnapoli.com\/fr\/gallery\/\" \/>\n<meta property=\"og:locale\" content=\"fr_FR\" \/>\n<meta property=\"og:type\" content=\"article\" \/>\n<meta property=\"og:title\" content=\"Smart Hotel Napoli | Galerie Photos Et Vid\u00e9os\" \/>\n<meta property=\"og:description\" content=\"Plongez dans l\u2019univers visuel du Smart Hotel : int\u00e9rieur raffin\u00e9, bar-bistrot anim\u00e9, vues sur le golfe et esth\u00e9tique contemporaine.\" \/>\n<meta property=\"og:url\" content=\"https:\/\/www.smarthotelnapoli.com\/fr\/gallery\/\" \/>\n<meta property=\"og:site_name\" content=\"Smart Hotel Napoli\" \/>\n<meta property=\"article:publisher\" content=\"https:\/\/www.facebook.com\/smarthotelnapoli\/\" \/>\n<meta property=\"article:modified_time\" content=\"2025-08-27T08:17:31+00:00\" \/>\n<meta name=\"twitter:card\" content=\"summary_large_image\" \/>\n<meta name=\"twitter:label1\" content=\"Dur\u00e9e de lecture estim\u00e9e\" \/>\n\t<meta name=\"twitter:data1\" content=\"1 minute\" \/>\n<script type=\"application\/ld+json\" class=\"yoast-schema-graph\">{\"@context\":\"https:\/\/schema.org\",\"@graph\":[{\"@type\":\"WebPage\",\"@id\":\"https:\/\/www.smarthotelnapoli.com\/fr\/gallery\/\",\"url\":\"https:\/\/www.smarthotelnapoli.com\/fr\/gallery\/\",\"name\":\"Smart Hotel Napoli | Galerie Photos Et Vid\u00e9os\",\"isPartOf\":{\"@id\":\"https:\/\/www.smarthotelnapoli.com\/#website\"},\"datePublished\":\"2021-12-20T08:09:51+00:00\",\"dateModified\":\"2025-08-27T08:17:31+00:00\",\"description\":\"Plongez dans l\u2019univers visuel du Smart Hotel : int\u00e9rieur raffin\u00e9, bar-bistrot anim\u00e9, vues sur le golfe et esth\u00e9tique contemporaine.\",\"inLanguage\":\"fr-FR\",\"potentialAction\":[{\"@type\":\"ReadAction\",\"target\":[\"https:\/\/www.smarthotelnapoli.com\/fr\/gallery\/\"]}]},{\"@type\":\"WebSite\",\"@id\":\"https:\/\/www.smarthotelnapoli.com\/#website\",\"url\":\"https:\/\/www.smarthotelnapoli.com\/\",\"name\":\"Smart Hotel Napoli\",\"description\":\"Scopri il nostro Hotel 4 stelle nel cuore di Napoli\",\"publisher\":{\"@id\":\"https:\/\/www.smarthotelnapoli.com\/#organization\"},\"potentialAction\":[{\"@type\":\"SearchAction\",\"target\":{\"@type\":\"EntryPoint\",\"urlTemplate\":\"https:\/\/www.smarthotelnapoli.com\/?s={search_term_string}\"},\"query-input\":{\"@type\":\"PropertyValueSpecification\",\"valueRequired\":true,\"valueName\":\"search_term_string\"}}],\"inLanguage\":\"fr-FR\"},{\"@type\":\"Organization\",\"@id\":\"https:\/\/www.smarthotelnapoli.com\/#organization\",\"name\":\"Smart Hotel Napoli\",\"url\":\"https:\/\/www.smarthotelnapoli.com\/\",\"logo\":{\"@type\":\"ImageObject\",\"inLanguage\":\"fr-FR\",\"@id\":\"https:\/\/www.smarthotelnapoli.com\/#\/schema\/logo\/image\/\",\"url\":\"https:\/\/www.smarthotelnapoli.com\/wp-content\/uploads\/2021\/10\/logo-shn-black.png\",\"contentUrl\":\"https:\/\/www.smarthotelnapoli.com\/wp-content\/uploads\/2021\/10\/logo-shn-black.png\",\"width\":320,\"height\":115,\"caption\":\"Smart Hotel Napoli\"},\"image\":{\"@id\":\"https:\/\/www.smarthotelnapoli.com\/#\/schema\/logo\/image\/\"},\"sameAs\":[\"https:\/\/www.facebook.com\/smarthotelnapoli\/\",\"https:\/\/www.instagram.com\/smahonapoli\/\"]}]}<\/script>\n<!-- \/ Yoast SEO plugin. -->","yoast_head_json":{"title":"Smart Hotel Napoli | Galerie Photos Et Vid\u00e9os","description":"Plongez dans l\u2019univers visuel du Smart Hotel : int\u00e9rieur raffin\u00e9, bar-bistrot anim\u00e9, vues sur le golfe et esth\u00e9tique contemporaine.","robots":{"index":"index","follow":"follow","max-snippet":"max-snippet:-1","max-image-preview":"max-image-preview:large","max-video-preview":"max-video-preview:-1"},"canonical":"https:\/\/www.smarthotelnapoli.com\/fr\/gallery\/","og_locale":"fr_FR","og_type":"article","og_title":"Smart Hotel Napoli | Galerie Photos Et Vid\u00e9os","og_description":"Plongez dans l\u2019univers visuel du Smart Hotel : int\u00e9rieur raffin\u00e9, bar-bistrot anim\u00e9, vues sur le golfe et esth\u00e9tique contemporaine.","og_url":"https:\/\/www.smarthotelnapoli.com\/fr\/gallery\/","og_site_name":"Smart Hotel Napoli","article_publisher":"https:\/\/www.facebook.com\/smarthotelnapoli\/","article_modified_time":"2025-08-27T08:17:31+00:00","twitter_card":"summary_large_image","twitter_misc":{"Dur\u00e9e de lecture estim\u00e9e":"1 minute"},"schema":{"@context":"https:\/\/schema.org","@graph":[{"@type":"WebPage","@id":"https:\/\/www.smarthotelnapoli.com\/fr\/gallery\/","url":"https:\/\/www.smarthotelnapoli.com\/fr\/gallery\/","name":"Smart Hotel Napoli | Galerie Photos Et Vid\u00e9os","isPartOf":{"@id":"https:\/\/www.smarthotelnapoli.com\/#website"},"datePublished":"2021-12-20T08:09:51+00:00","dateModified":"2025-08-27T08:17:31+00:00","description":"Plongez dans l\u2019univers visuel du Smart Hotel : int\u00e9rieur raffin\u00e9, bar-bistrot anim\u00e9, vues sur le golfe et esth\u00e9tique contemporaine.","inLanguage":"fr-FR","potentialAction":[{"@type":"ReadAction","target":["https:\/\/www.smarthotelnapoli.com\/fr\/gallery\/"]}]},{"@type":"WebSite","@id":"https:\/\/www.smarthotelnapoli.com\/#website","url":"https:\/\/www.smarthotelnapoli.com\/","name":"Smart Hotel Napoli","description":"Scopri il nostro Hotel 4 stelle nel cuore di Napoli","publisher":{"@id":"https:\/\/www.smarthotelnapoli.com\/#organization"},"potentialAction":[{"@type":"SearchAction","target":{"@type":"EntryPoint","urlTemplate":"https:\/\/www.smarthotelnapoli.com\/?s={search_term_string}"},"query-input":{"@type":"PropertyValueSpecification","valueRequired":true,"valueName":"search_term_string"}}],"inLanguage":"fr-FR"},{"@type":"Organization","@id":"https:\/\/www.smarthotelnapoli.com\/#organization","name":"Smart Hotel Napoli","url":"https:\/\/www.smarthotelnapoli.com\/","logo":{"@type":"ImageObject","inLanguage":"fr-FR","@id":"https:\/\/www.smarthotelnapoli.com\/#\/schema\/logo\/image\/","url":"https:\/\/www.smarthotelnapoli.com\/wp-content\/uploads\/2021\/10\/logo-shn-black.png","contentUrl":"https:\/\/www.smarthotelnapoli.com\/wp-content\/uploads\/2021\/10\/logo-shn-black.png","width":320,"height":115,"caption":"Smart Hotel Napoli"},"image":{"@id":"https:\/\/www.smarthotelnapoli.com\/#\/schema\/logo\/image\/"},"sameAs":["https:\/\/www.facebook.com\/smarthotelnapoli\/","https:\/\/www.instagram.com\/smahonapoli\/"]}]}},"_links":{"self":[{"href":"https:\/\/www.smarthotelnapoli.com\/fr\/wp-json\/wp\/v2\/pages\/434","targetHints":{"allow":["GET"]}}],"collection":[{"href":"https:\/\/www.smarthotelnapoli.com\/fr\/wp-json\/wp\/v2\/pages"}],"about":[{"href":"https:\/\/www.smarthotelnapoli.com\/fr\/wp-json\/wp\/v2\/types\/page"}],"author":[{"embeddable":true,"href":"https:\/\/www.smarthotelnapoli.com\/fr\/wp-json\/wp\/v2\/users\/1"}],"replies":[{"embeddable":true,"href":"https:\/\/www.smarthotelnapoli.com\/fr\/wp-json\/wp\/v2\/comments?post=434"}],"version-history":[{"count":0,"href":"https:\/\/www.smarthotelnapoli.com\/fr\/wp-json\/wp\/v2\/pages\/434\/revisions"}],"wp:attachment":[{"href":"https:\/\/www.smarthotelnapoli.com\/fr\/wp-json\/wp\/v2\/media?parent=434"}],"curies":[{"name":"wp","href":"https:\/\/api.w.org\/{rel}","templated":true}]}}